{"id":251119,"date":"2021-02-25T15:01:49","date_gmt":"2021-02-25T15:01:49","guid":{"rendered":"https:\/\/mhr.com.pt\/product\/dali\/"},"modified":"2021-02-25T15:01:49","modified_gmt":"2021-02-25T15:01:49","slug":"dali","status":"publish","type":"product","link":"https:\/\/mhr.com.pt\/pt-pt\/product\/dali\/","title":{"rendered":"Dali."},"content":{"rendered":"<p>Inspirado no estilo franc\u00eas, o cadeir\u00e3o Dali incorpora luxo e um design cl\u00e1ssico que se adapta facilmente a uma variedade de est\u00e9ticas de interiores, desde o tradicional ao contempor\u00e2neo.<\/p>\n<p>Os gomos distintivos do cadeir\u00e3o definem o seu car\u00e1ter, acrescentando um toque de requinte burgu\u00eas a qualquer espa\u00e7o.<\/p>\n<p>Os p\u00e9s delicados, combinados com acabamentos espec\u00edficos, podem tornar-se um elemento de destaque, real\u00e7ando a eleg\u00e2ncia global do cadeir\u00e3o.<\/p>\n","protected":false},"excerpt":{"rendered":"<p>CADEIR\u00c3O<\/p>\n","protected":false},"featured_media":251120,"template":"","meta":{"_et_pb_use_builder":"","_et_pb_old_content":"","_et_gb_content_width":""},"product_brand":[],"product_cat":[495],"product_tag":[],"class_list":{"0":"post-251119","1":"product","2":"type-product","3":"status-publish","4":"has-post-thumbnail","6":"product_cat-cadeiroes","8":"first","9":"instock","10":"virtual","11":"product-type-simple"},"_links":{"self":[{"href":"https:\/\/mhr.com.pt\/pt-pt\/wp-json\/wp\/v2\/product\/251119","targetHints":{"allow":["GET"]}}],"collection":[{"href":"https:\/\/mhr.com.pt\/pt-pt\/wp-json\/wp\/v2\/product"}],"about":[{"href":"https:\/\/mhr.com.pt\/pt-pt\/wp-json\/wp\/v2\/types\/product"}],"wp:featuredmedia":[{"embeddable":true,"href":"https:\/\/mhr.com.pt\/pt-pt\/wp-json\/wp\/v2\/media\/251120"}],"wp:attachment":[{"href":"https:\/\/mhr.com.pt\/pt-pt\/wp-json\/wp\/v2\/media?parent=251119"}],"wp:term":[{"taxonomy":"product_brand","embeddable":true,"href":"https:\/\/mhr.com.pt\/pt-pt\/wp-json\/wp\/v2\/product_brand?post=251119"},{"taxonomy":"product_cat","embeddable":true,"href":"https:\/\/mhr.com.pt\/pt-pt\/wp-json\/wp\/v2\/product_cat?post=251119"},{"taxonomy":"product_tag","embeddable":true,"href":"https:\/\/mhr.com.pt\/pt-pt\/wp-json\/wp\/v2\/product_tag?post=251119"}],"curies":[{"name":"wp","href":"https:\/\/api.w.org\/{rel}","templated":true}]}}