{"id":251176,"date":"2022-06-14T16:14:21","date_gmt":"2022-06-14T16:14:21","guid":{"rendered":"https:\/\/mhr.com.pt\/product\/dylan\/"},"modified":"2025-11-17T16:30:03","modified_gmt":"2025-11-17T16:30:03","slug":"dylan","status":"publish","type":"product","link":"https:\/\/mhr.com.pt\/pt-pt\/product\/dylan\/","title":{"rendered":"Dylan."},"content":{"rendered":"<p>O sistema de sof\u00e1 modular Dylan combina design moderno com conforto excecional. O seu bra\u00e7o baixo, mas largo, \u00e9 uma caracter\u00edstica marcante, complementado por um rodap\u00e9 retangular que acompanha apenas o bra\u00e7o do sof\u00e1. As costas s\u00e3o cuidadosamente inclinadas para elevar o conforto, tornando-o num lugar perfeito para relaxar.<\/p>\n<p>O Dylan oferece ainda uma versatilidade pr\u00e1tica com um m\u00f3dulo chaise que inclui uma mesa de apoio integrada, bem como um m\u00f3dulo de mesa de apoio adicional. A sua modularidade garante um encaixe perfeito em qualquer espa\u00e7o, proporcionando estilo e funcionalidade em igual medida.<\/p>\n","protected":false},"excerpt":{"rendered":"<p>SISTEMA DE SOF\u00c1 MODULAR<\/p>\n","protected":false},"featured_media":251183,"template":"","meta":{"_et_pb_use_builder":"","_et_pb_old_content":"","_et_gb_content_width":""},"product_brand":[],"product_cat":[496,497],"product_tag":[],"class_list":{"0":"post-251176","1":"product","2":"type-product","3":"status-publish","4":"has-post-thumbnail","6":"product_cat-ambientes-sofa","7":"product_cat-sofas-pt","9":"first","10":"instock","11":"virtual","12":"product-type-simple"},"_links":{"self":[{"href":"https:\/\/mhr.com.pt\/pt-pt\/wp-json\/wp\/v2\/product\/251176","targetHints":{"allow":["GET"]}}],"collection":[{"href":"https:\/\/mhr.com.pt\/pt-pt\/wp-json\/wp\/v2\/product"}],"about":[{"href":"https:\/\/mhr.com.pt\/pt-pt\/wp-json\/wp\/v2\/types\/product"}],"wp:featuredmedia":[{"embeddable":true,"href":"https:\/\/mhr.com.pt\/pt-pt\/wp-json\/wp\/v2\/media\/251183"}],"wp:attachment":[{"href":"https:\/\/mhr.com.pt\/pt-pt\/wp-json\/wp\/v2\/media?parent=251176"}],"wp:term":[{"taxonomy":"product_brand","embeddable":true,"href":"https:\/\/mhr.com.pt\/pt-pt\/wp-json\/wp\/v2\/product_brand?post=251176"},{"taxonomy":"product_cat","embeddable":true,"href":"https:\/\/mhr.com.pt\/pt-pt\/wp-json\/wp\/v2\/product_cat?post=251176"},{"taxonomy":"product_tag","embeddable":true,"href":"https:\/\/mhr.com.pt\/pt-pt\/wp-json\/wp\/v2\/product_tag?post=251176"}],"curies":[{"name":"wp","href":"https:\/\/api.w.org\/{rel}","templated":true}]}}