{"id":251196,"date":"2020-10-15T10:25:31","date_gmt":"2020-10-15T10:25:31","guid":{"rendered":"https:\/\/mhr.com.pt\/product\/lloyd\/"},"modified":"2025-11-17T16:45:34","modified_gmt":"2025-11-17T16:45:34","slug":"lloyd","status":"publish","type":"product","link":"https:\/\/mhr.com.pt\/pt-pt\/product\/lloyd\/","title":{"rendered":"Lloyd."},"content":{"rendered":"<p>O sistema de sof\u00e1 modular Lloyd \u00e9 projetado com um perfil baixo, suportado por p\u00e9s altos e elegantes com uma barra met\u00e1lica. O encosto reclin\u00e1vel permite uma experi\u00eancia de assento mais profunda e relaxante, enquanto os bra\u00e7os largos, que afunilam ligeiramente, oferecem apoio e conforto adicionais.<\/p>\n<p>O Lloyd inclui tamb\u00e9m um m\u00f3dulo de banqueta com uma mesa de apoio integrada que acompanha as costas do sof\u00e1, oferecendo uma solu\u00e7\u00e3o conveniente e estilosa. O seu design modular permite in\u00fameras possibilidades de configura\u00e7\u00e3o, tornando-o na escolha ideal para qualquer espa\u00e7o de vida moderno.<\/p>\n","protected":false},"excerpt":{"rendered":"<p>SISTEMA DE SOF\u00c1 MODULAR<\/p>\n","protected":false},"featured_media":251199,"template":"","meta":{"_et_pb_use_builder":"","_et_pb_old_content":"","_et_gb_content_width":""},"product_brand":[],"product_cat":[496,497],"product_tag":[],"class_list":{"0":"post-251196","1":"product","2":"type-product","3":"status-publish","4":"has-post-thumbnail","6":"product_cat-ambientes-sofa","7":"product_cat-sofas-pt","9":"first","10":"instock","11":"virtual","12":"product-type-simple"},"_links":{"self":[{"href":"https:\/\/mhr.com.pt\/pt-pt\/wp-json\/wp\/v2\/product\/251196","targetHints":{"allow":["GET"]}}],"collection":[{"href":"https:\/\/mhr.com.pt\/pt-pt\/wp-json\/wp\/v2\/product"}],"about":[{"href":"https:\/\/mhr.com.pt\/pt-pt\/wp-json\/wp\/v2\/types\/product"}],"wp:featuredmedia":[{"embeddable":true,"href":"https:\/\/mhr.com.pt\/pt-pt\/wp-json\/wp\/v2\/media\/251199"}],"wp:attachment":[{"href":"https:\/\/mhr.com.pt\/pt-pt\/wp-json\/wp\/v2\/media?parent=251196"}],"wp:term":[{"taxonomy":"product_brand","embeddable":true,"href":"https:\/\/mhr.com.pt\/pt-pt\/wp-json\/wp\/v2\/product_brand?post=251196"},{"taxonomy":"product_cat","embeddable":true,"href":"https:\/\/mhr.com.pt\/pt-pt\/wp-json\/wp\/v2\/product_cat?post=251196"},{"taxonomy":"product_tag","embeddable":true,"href":"https:\/\/mhr.com.pt\/pt-pt\/wp-json\/wp\/v2\/product_tag?post=251196"}],"curies":[{"name":"wp","href":"https:\/\/api.w.org\/{rel}","templated":true}]}}