{"id":251245,"date":"2020-10-14T15:37:12","date_gmt":"2020-10-14T15:37:12","guid":{"rendered":"https:\/\/mhr.com.pt\/product\/calvin\/"},"modified":"2025-11-17T16:47:10","modified_gmt":"2025-11-17T16:47:10","slug":"calvin","status":"publish","type":"product","link":"https:\/\/mhr.com.pt\/pt-pt\/product\/calvin\/","title":{"rendered":"Calvin."},"content":{"rendered":"<p>O sistema de sof\u00e1 modular Calvin partilha a mesma filosofia de design do Ralph, focando-se na cria\u00e7\u00e3o de uma diversidade din\u00e2mica com almofadas lisas e puxadas. No entanto, o Calvin apresenta um rodap\u00e9 baixo, conferindo-lhe uma apar\u00eancia mais pr\u00f3xima do ch\u00e3o e elegante. Esta diferen\u00e7a subtil permite que o Calvin se integre perfeitamente em diversos estilos de interiores, mantendo um sentido de equil\u00edbrio e harmonia.<\/p>\n<p>A natureza modular do Calvin garante que se ajusta perfeitamente a qualquer espa\u00e7o de vida, oferecendo tanto versatilidade est\u00e9tica como flexibilidade funcional.<\/p>\n","protected":false},"excerpt":{"rendered":"<p>SISTEMA DE SOF\u00c1 MODULAR<\/p>\n","protected":false},"featured_media":251254,"template":"","meta":{"_et_pb_use_builder":"off","_et_pb_old_content":"","_et_gb_content_width":""},"product_brand":[],"product_cat":[496,497],"product_tag":[],"class_list":{"0":"post-251245","1":"product","2":"type-product","3":"status-publish","4":"has-post-thumbnail","6":"product_cat-ambientes-sofa","7":"product_cat-sofas-pt","9":"first","10":"instock","11":"virtual","12":"product-type-simple"},"_links":{"self":[{"href":"https:\/\/mhr.com.pt\/pt-pt\/wp-json\/wp\/v2\/product\/251245","targetHints":{"allow":["GET"]}}],"collection":[{"href":"https:\/\/mhr.com.pt\/pt-pt\/wp-json\/wp\/v2\/product"}],"about":[{"href":"https:\/\/mhr.com.pt\/pt-pt\/wp-json\/wp\/v2\/types\/product"}],"wp:featuredmedia":[{"embeddable":true,"href":"https:\/\/mhr.com.pt\/pt-pt\/wp-json\/wp\/v2\/media\/251254"}],"wp:attachment":[{"href":"https:\/\/mhr.com.pt\/pt-pt\/wp-json\/wp\/v2\/media?parent=251245"}],"wp:term":[{"taxonomy":"product_brand","embeddable":true,"href":"https:\/\/mhr.com.pt\/pt-pt\/wp-json\/wp\/v2\/product_brand?post=251245"},{"taxonomy":"product_cat","embeddable":true,"href":"https:\/\/mhr.com.pt\/pt-pt\/wp-json\/wp\/v2\/product_cat?post=251245"},{"taxonomy":"product_tag","embeddable":true,"href":"https:\/\/mhr.com.pt\/pt-pt\/wp-json\/wp\/v2\/product_tag?post=251245"}],"curies":[{"name":"wp","href":"https:\/\/api.w.org\/{rel}","templated":true}]}}