{"id":251276,"date":"2021-02-24T18:07:06","date_gmt":"2021-02-24T18:07:06","guid":{"rendered":"https:\/\/mhr.com.pt\/product\/chic\/"},"modified":"2025-11-17T16:40:35","modified_gmt":"2025-11-17T16:40:35","slug":"chic","status":"publish","type":"product","link":"https:\/\/mhr.com.pt\/pt-pt\/product\/chic\/","title":{"rendered":"Chic."},"content":{"rendered":"<p>O sof\u00e1 Chic incorpora a ess\u00eancia do design cl\u00e1ssico, integrando caracter\u00edsticas tradicionais num contexto moderno. Com as suas linhas direitas, pormenores de vivos e acabamentos capiton\u00e9, o Chic adapta-se perfeitamente a espa\u00e7os que v\u00e3o do contempor\u00e2neo ao cl\u00e1ssico. O apelo intemporal deste sof\u00e1 faz dele uma adi\u00e7\u00e3o vers\u00e1til a qualquer sala.<\/p>\n<p>O design do Chic preenche de forma elegante a lacuna entre o antigo e o novo, tornando-o numa escolha estilosa para quem aprecia tanto a est\u00e9tica moderna como a tradicional.<\/p>\n","protected":false},"excerpt":{"rendered":"<p>SOF\u00c1<\/p>\n","protected":false},"featured_media":251280,"template":"","meta":{"_et_pb_use_builder":"","_et_pb_old_content":"","_et_gb_content_width":""},"product_brand":[],"product_cat":[496,497],"product_tag":[],"class_list":{"0":"post-251276","1":"product","2":"type-product","3":"status-publish","4":"has-post-thumbnail","6":"product_cat-ambientes-sofa","7":"product_cat-sofas-pt","9":"first","10":"instock","11":"virtual","12":"product-type-simple"},"_links":{"self":[{"href":"https:\/\/mhr.com.pt\/pt-pt\/wp-json\/wp\/v2\/product\/251276","targetHints":{"allow":["GET"]}}],"collection":[{"href":"https:\/\/mhr.com.pt\/pt-pt\/wp-json\/wp\/v2\/product"}],"about":[{"href":"https:\/\/mhr.com.pt\/pt-pt\/wp-json\/wp\/v2\/types\/product"}],"wp:featuredmedia":[{"embeddable":true,"href":"https:\/\/mhr.com.pt\/pt-pt\/wp-json\/wp\/v2\/media\/251280"}],"wp:attachment":[{"href":"https:\/\/mhr.com.pt\/pt-pt\/wp-json\/wp\/v2\/media?parent=251276"}],"wp:term":[{"taxonomy":"product_brand","embeddable":true,"href":"https:\/\/mhr.com.pt\/pt-pt\/wp-json\/wp\/v2\/product_brand?post=251276"},{"taxonomy":"product_cat","embeddable":true,"href":"https:\/\/mhr.com.pt\/pt-pt\/wp-json\/wp\/v2\/product_cat?post=251276"},{"taxonomy":"product_tag","embeddable":true,"href":"https:\/\/mhr.com.pt\/pt-pt\/wp-json\/wp\/v2\/product_tag?post=251276"}],"curies":[{"name":"wp","href":"https:\/\/api.w.org\/{rel}","templated":true}]}}