{"id":251283,"date":"2021-02-24T18:07:43","date_gmt":"2021-02-24T18:07:43","guid":{"rendered":"https:\/\/mhr.com.pt\/product\/enigma\/"},"modified":"2025-11-17T16:39:30","modified_gmt":"2025-11-17T16:39:30","slug":"enigma","status":"publish","type":"product","link":"https:\/\/mhr.com.pt\/pt-pt\/product\/enigma\/","title":{"rendered":"Enigma."},"content":{"rendered":"<p>O sistema de sof\u00e1 modular Enigma foi concebido com versatilidade em mente, transformando-se facilmente de um sof\u00e1 numa cama. Os seus puxados marcantes s\u00e3o combinados com linhas retas, tornando-o uma pe\u00e7a de destaque em qualquer espa\u00e7o. A dupla funcionalidade do Enigma torna-o ideal para quem procura estilo e praticidade numa \u00fanica pe\u00e7a de mobili\u00e1rio.<\/p>\n<p>Com o seu design modular, o Enigma pode ser ajustado para se adaptar a qualquer espa\u00e7o, oferecendo tanto conforto como adaptabilidade.<\/p>\n","protected":false},"excerpt":{"rendered":"<p>SISTEMA DE SOF\u00c1 MODULAR<\/p>\n","protected":false},"featured_media":251287,"template":"","meta":{"_et_pb_use_builder":"","_et_pb_old_content":"","_et_gb_content_width":""},"product_brand":[],"product_cat":[496,497],"product_tag":[],"class_list":{"0":"post-251283","1":"product","2":"type-product","3":"status-publish","4":"has-post-thumbnail","6":"product_cat-ambientes-sofa","7":"product_cat-sofas-pt","9":"first","10":"instock","11":"virtual","12":"product-type-simple"},"_links":{"self":[{"href":"https:\/\/mhr.com.pt\/pt-pt\/wp-json\/wp\/v2\/product\/251283","targetHints":{"allow":["GET"]}}],"collection":[{"href":"https:\/\/mhr.com.pt\/pt-pt\/wp-json\/wp\/v2\/product"}],"about":[{"href":"https:\/\/mhr.com.pt\/pt-pt\/wp-json\/wp\/v2\/types\/product"}],"wp:featuredmedia":[{"embeddable":true,"href":"https:\/\/mhr.com.pt\/pt-pt\/wp-json\/wp\/v2\/media\/251287"}],"wp:attachment":[{"href":"https:\/\/mhr.com.pt\/pt-pt\/wp-json\/wp\/v2\/media?parent=251283"}],"wp:term":[{"taxonomy":"product_brand","embeddable":true,"href":"https:\/\/mhr.com.pt\/pt-pt\/wp-json\/wp\/v2\/product_brand?post=251283"},{"taxonomy":"product_cat","embeddable":true,"href":"https:\/\/mhr.com.pt\/pt-pt\/wp-json\/wp\/v2\/product_cat?post=251283"},{"taxonomy":"product_tag","embeddable":true,"href":"https:\/\/mhr.com.pt\/pt-pt\/wp-json\/wp\/v2\/product_tag?post=251283"}],"curies":[{"name":"wp","href":"https:\/\/api.w.org\/{rel}","templated":true}]}}