{"id":251327,"date":"2021-02-24T18:08:20","date_gmt":"2021-02-24T18:08:20","guid":{"rendered":"https:\/\/mhr.com.pt\/product\/miles\/"},"modified":"2025-11-17T16:38:18","modified_gmt":"2025-11-17T16:38:18","slug":"miles","status":"publish","type":"product","link":"https:\/\/mhr.com.pt\/pt-pt\/product\/miles\/","title":{"rendered":"Miles."},"content":{"rendered":"<p>O sof\u00e1 Miles \u00e9 um <em>love seat<\/em> fofo que reinterpreta um design cl\u00e1ssico para gostos modernos. Os seus gomos volumosos e repetitivos transformam este sof\u00e1 na estrela de qualquer cen\u00e1rio rom\u00e2ntico, tornando-o numa pe\u00e7a de destaque que capta a aten\u00e7\u00e3o. O Miles \u00e9 perfeito para quem aprecia uma mistura de charme tradicional e estilo contempor\u00e2neo.<\/p>\n","protected":false},"excerpt":{"rendered":"<p>SOF\u00c1<\/p>\n","protected":false},"featured_media":251332,"template":"","meta":{"_et_pb_use_builder":"","_et_pb_old_content":"","_et_gb_content_width":""},"product_brand":[],"product_cat":[496,497],"product_tag":[],"class_list":{"0":"post-251327","1":"product","2":"type-product","3":"status-publish","4":"has-post-thumbnail","6":"product_cat-ambientes-sofa","7":"product_cat-sofas-pt","9":"first","10":"instock","11":"virtual","12":"product-type-simple"},"_links":{"self":[{"href":"https:\/\/mhr.com.pt\/pt-pt\/wp-json\/wp\/v2\/product\/251327","targetHints":{"allow":["GET"]}}],"collection":[{"href":"https:\/\/mhr.com.pt\/pt-pt\/wp-json\/wp\/v2\/product"}],"about":[{"href":"https:\/\/mhr.com.pt\/pt-pt\/wp-json\/wp\/v2\/types\/product"}],"wp:featuredmedia":[{"embeddable":true,"href":"https:\/\/mhr.com.pt\/pt-pt\/wp-json\/wp\/v2\/media\/251332"}],"wp:attachment":[{"href":"https:\/\/mhr.com.pt\/pt-pt\/wp-json\/wp\/v2\/media?parent=251327"}],"wp:term":[{"taxonomy":"product_brand","embeddable":true,"href":"https:\/\/mhr.com.pt\/pt-pt\/wp-json\/wp\/v2\/product_brand?post=251327"},{"taxonomy":"product_cat","embeddable":true,"href":"https:\/\/mhr.com.pt\/pt-pt\/wp-json\/wp\/v2\/product_cat?post=251327"},{"taxonomy":"product_tag","embeddable":true,"href":"https:\/\/mhr.com.pt\/pt-pt\/wp-json\/wp\/v2\/product_tag?post=251327"}],"curies":[{"name":"wp","href":"https:\/\/api.w.org\/{rel}","templated":true}]}}