{"id":251392,"date":"2021-02-26T12:59:45","date_gmt":"2021-02-26T12:59:45","guid":{"rendered":"https:\/\/mhr.com.pt\/product\/ellie\/"},"modified":"2021-02-26T12:59:45","modified_gmt":"2021-02-26T12:59:45","slug":"ellie","status":"publish","type":"product","link":"https:\/\/mhr.com.pt\/pt-pt\/product\/ellie\/","title":{"rendered":"Ellie."},"content":{"rendered":"<p>A Cama King-size Ellie combina uma generosa cabeceira estofada com p\u00e9s met\u00e1licos altos, oferecendo um design elevado que transmite firmeza e eleg\u00e2ncia.<\/p>\n<p>O contraste entre materiais refor\u00e7a a leveza visual, mantendo uma estrutura s\u00f3lida e confort\u00e1vel.<\/p>\n","protected":false},"excerpt":{"rendered":"<p>CAMA KING-SIZE<\/p>\n","protected":false},"featured_media":251393,"template":"","meta":{"_et_pb_use_builder":"","_et_pb_old_content":"","_et_gb_content_width":""},"product_brand":[],"product_cat":[498,501],"product_tag":[],"class_list":{"0":"post-251392","1":"product","2":"type-product","3":"status-publish","4":"has-post-thumbnail","6":"product_cat-camas","7":"product_cat-ellie-camas","9":"first","10":"instock","11":"virtual","12":"product-type-simple"},"_links":{"self":[{"href":"https:\/\/mhr.com.pt\/pt-pt\/wp-json\/wp\/v2\/product\/251392","targetHints":{"allow":["GET"]}}],"collection":[{"href":"https:\/\/mhr.com.pt\/pt-pt\/wp-json\/wp\/v2\/product"}],"about":[{"href":"https:\/\/mhr.com.pt\/pt-pt\/wp-json\/wp\/v2\/types\/product"}],"wp:featuredmedia":[{"embeddable":true,"href":"https:\/\/mhr.com.pt\/pt-pt\/wp-json\/wp\/v2\/media\/251393"}],"wp:attachment":[{"href":"https:\/\/mhr.com.pt\/pt-pt\/wp-json\/wp\/v2\/media?parent=251392"}],"wp:term":[{"taxonomy":"product_brand","embeddable":true,"href":"https:\/\/mhr.com.pt\/pt-pt\/wp-json\/wp\/v2\/product_brand?post=251392"},{"taxonomy":"product_cat","embeddable":true,"href":"https:\/\/mhr.com.pt\/pt-pt\/wp-json\/wp\/v2\/product_cat?post=251392"},{"taxonomy":"product_tag","embeddable":true,"href":"https:\/\/mhr.com.pt\/pt-pt\/wp-json\/wp\/v2\/product_tag?post=251392"}],"curies":[{"name":"wp","href":"https:\/\/api.w.org\/{rel}","templated":true}]}}