{"id":251397,"date":"2021-02-26T12:58:46","date_gmt":"2021-02-26T12:58:46","guid":{"rendered":"https:\/\/mhr.com.pt\/product\/ellie-2\/"},"modified":"2021-02-26T12:58:46","modified_gmt":"2021-02-26T12:58:46","slug":"ellie-2","status":"publish","type":"product","link":"https:\/\/mhr.com.pt\/pt-pt\/product\/ellie-2\/","title":{"rendered":"Ellie."},"content":{"rendered":"<p>Com a mesma identidade de design da vers\u00e3o King-size, a Cama Standard Ellie leva eleg\u00e2ncia e conforto a espa\u00e7os mais compactos.<\/p>\n<p>Os seus p\u00e9s altos e a combina\u00e7\u00e3o equilibrada entre o metal e o estofo criam uma presen\u00e7a sofisticada e leve.<\/p>\n","protected":false},"excerpt":{"rendered":"<p>CAMA<\/p>\n","protected":false},"featured_media":251398,"template":"","meta":{"_et_pb_use_builder":"","_et_pb_old_content":"","_et_gb_content_width":""},"product_brand":[],"product_cat":[498,501],"product_tag":[],"class_list":{"0":"post-251397","1":"product","2":"type-product","3":"status-publish","4":"has-post-thumbnail","6":"product_cat-camas","7":"product_cat-ellie-camas","9":"first","10":"instock","11":"virtual","12":"product-type-simple"},"_links":{"self":[{"href":"https:\/\/mhr.com.pt\/pt-pt\/wp-json\/wp\/v2\/product\/251397","targetHints":{"allow":["GET"]}}],"collection":[{"href":"https:\/\/mhr.com.pt\/pt-pt\/wp-json\/wp\/v2\/product"}],"about":[{"href":"https:\/\/mhr.com.pt\/pt-pt\/wp-json\/wp\/v2\/types\/product"}],"wp:featuredmedia":[{"embeddable":true,"href":"https:\/\/mhr.com.pt\/pt-pt\/wp-json\/wp\/v2\/media\/251398"}],"wp:attachment":[{"href":"https:\/\/mhr.com.pt\/pt-pt\/wp-json\/wp\/v2\/media?parent=251397"}],"wp:term":[{"taxonomy":"product_brand","embeddable":true,"href":"https:\/\/mhr.com.pt\/pt-pt\/wp-json\/wp\/v2\/product_brand?post=251397"},{"taxonomy":"product_cat","embeddable":true,"href":"https:\/\/mhr.com.pt\/pt-pt\/wp-json\/wp\/v2\/product_cat?post=251397"},{"taxonomy":"product_tag","embeddable":true,"href":"https:\/\/mhr.com.pt\/pt-pt\/wp-json\/wp\/v2\/product_tag?post=251397"}],"curies":[{"name":"wp","href":"https:\/\/api.w.org\/{rel}","templated":true}]}}