{"id":251404,"date":"2021-02-26T12:55:43","date_gmt":"2021-02-26T12:55:43","guid":{"rendered":"https:\/\/mhr.com.pt\/product\/jazz\/"},"modified":"2021-02-26T12:55:43","modified_gmt":"2021-02-26T12:55:43","slug":"jazz","status":"publish","type":"product","link":"https:\/\/mhr.com.pt\/pt-pt\/product\/jazz\/","title":{"rendered":"Jazz."},"content":{"rendered":"<p>A Cama Standard Jazz \u00e9 uma escolha elegante para espa\u00e7os mais pequenos ou \u00edntimos. A cabeceira estofada, emoldurada em metal, acrescenta um toque de sofistica\u00e7\u00e3o mantendo uma presen\u00e7a leve e contempor\u00e2nea.<\/p>\n<p>Ideal para quem procura conforto sem abdicar do design.<\/p>\n","protected":false},"excerpt":{"rendered":"<p>CAMA<\/p>\n","protected":false},"featured_media":251406,"template":"","meta":{"_et_pb_use_builder":"","_et_pb_old_content":"","_et_gb_content_width":""},"product_brand":[],"product_cat":[498,503],"product_tag":[],"class_list":{"0":"post-251404","1":"product","2":"type-product","3":"status-publish","4":"has-post-thumbnail","6":"product_cat-camas","7":"product_cat-jazz-camas","9":"first","10":"instock","11":"virtual","12":"product-type-simple"},"_links":{"self":[{"href":"https:\/\/mhr.com.pt\/pt-pt\/wp-json\/wp\/v2\/product\/251404","targetHints":{"allow":["GET"]}}],"collection":[{"href":"https:\/\/mhr.com.pt\/pt-pt\/wp-json\/wp\/v2\/product"}],"about":[{"href":"https:\/\/mhr.com.pt\/pt-pt\/wp-json\/wp\/v2\/types\/product"}],"wp:featuredmedia":[{"embeddable":true,"href":"https:\/\/mhr.com.pt\/pt-pt\/wp-json\/wp\/v2\/media\/251406"}],"wp:attachment":[{"href":"https:\/\/mhr.com.pt\/pt-pt\/wp-json\/wp\/v2\/media?parent=251404"}],"wp:term":[{"taxonomy":"product_brand","embeddable":true,"href":"https:\/\/mhr.com.pt\/pt-pt\/wp-json\/wp\/v2\/product_brand?post=251404"},{"taxonomy":"product_cat","embeddable":true,"href":"https:\/\/mhr.com.pt\/pt-pt\/wp-json\/wp\/v2\/product_cat?post=251404"},{"taxonomy":"product_tag","embeddable":true,"href":"https:\/\/mhr.com.pt\/pt-pt\/wp-json\/wp\/v2\/product_tag?post=251404"}],"curies":[{"name":"wp","href":"https:\/\/api.w.org\/{rel}","templated":true}]}}