{"id":251407,"date":"2021-02-26T12:56:51","date_gmt":"2021-02-26T12:56:51","guid":{"rendered":"https:\/\/mhr.com.pt\/product\/jazz-2\/"},"modified":"2021-02-26T12:56:51","modified_gmt":"2021-02-26T12:56:51","slug":"jazz-2","status":"publish","type":"product","link":"https:\/\/mhr.com.pt\/pt-pt\/product\/jazz-2\/","title":{"rendered":"Jazz."},"content":{"rendered":"<p>A Cama King-size Jazz imp\u00f5e-se como protagonista do quarto. As suas dimens\u00f5es generosas e os detalhes met\u00e1licos marcantes refor\u00e7am a impon\u00eancia do espa\u00e7o.<\/p>\n<p>Estofada para m\u00e1ximo conforto, esta cama torna-se o centro de um ambiente sofisticado e luxuoso.<\/p>\n","protected":false},"excerpt":{"rendered":"<p>CAMA KING-SIZE<\/p>\n","protected":false},"featured_media":251408,"template":"","meta":{"_et_pb_use_builder":"","_et_pb_old_content":"","_et_gb_content_width":""},"product_brand":[],"product_cat":[498,503],"product_tag":[],"class_list":{"0":"post-251407","1":"product","2":"type-product","3":"status-publish","4":"has-post-thumbnail","6":"product_cat-camas","7":"product_cat-jazz-camas","9":"first","10":"instock","11":"virtual","12":"product-type-simple"},"_links":{"self":[{"href":"https:\/\/mhr.com.pt\/pt-pt\/wp-json\/wp\/v2\/product\/251407","targetHints":{"allow":["GET"]}}],"collection":[{"href":"https:\/\/mhr.com.pt\/pt-pt\/wp-json\/wp\/v2\/product"}],"about":[{"href":"https:\/\/mhr.com.pt\/pt-pt\/wp-json\/wp\/v2\/types\/product"}],"wp:featuredmedia":[{"embeddable":true,"href":"https:\/\/mhr.com.pt\/pt-pt\/wp-json\/wp\/v2\/media\/251408"}],"wp:attachment":[{"href":"https:\/\/mhr.com.pt\/pt-pt\/wp-json\/wp\/v2\/media?parent=251407"}],"wp:term":[{"taxonomy":"product_brand","embeddable":true,"href":"https:\/\/mhr.com.pt\/pt-pt\/wp-json\/wp\/v2\/product_brand?post=251407"},{"taxonomy":"product_cat","embeddable":true,"href":"https:\/\/mhr.com.pt\/pt-pt\/wp-json\/wp\/v2\/product_cat?post=251407"},{"taxonomy":"product_tag","embeddable":true,"href":"https:\/\/mhr.com.pt\/pt-pt\/wp-json\/wp\/v2\/product_tag?post=251407"}],"curies":[{"name":"wp","href":"https:\/\/api.w.org\/{rel}","templated":true}]}}