{"id":251410,"date":"2021-02-26T12:45:53","date_gmt":"2021-02-26T12:45:53","guid":{"rendered":"https:\/\/mhr.com.pt\/product\/keiko\/"},"modified":"2021-02-26T12:45:53","modified_gmt":"2021-02-26T12:45:53","slug":"keiko","status":"publish","type":"product","link":"https:\/\/mhr.com.pt\/pt-pt\/product\/keiko\/","title":{"rendered":"Keiko."},"content":{"rendered":"<p>A cama Keiko Standard oferece a mesma sofistica\u00e7\u00e3o geom\u00e9trica numa vers\u00e3o mais compacta. A sua cabeceira acolchoada e a base arredondada ao n\u00edvel do ch\u00e3o conferem-lhe um aspeto marcante e acolhedor.<\/p>\n<p>Uma excelente solu\u00e7\u00e3o para quartos de menores dimens\u00f5es que n\u00e3o querem abdicar de conforto e impacto visual.<\/p>\n","protected":false},"excerpt":{"rendered":"<p>CAMA<\/p>\n","protected":false},"featured_media":251411,"template":"","meta":{"_et_pb_use_builder":"","_et_pb_old_content":"","_et_gb_content_width":""},"product_brand":[],"product_cat":[498,504],"product_tag":[],"class_list":{"0":"post-251410","1":"product","2":"type-product","3":"status-publish","4":"has-post-thumbnail","6":"product_cat-camas","7":"product_cat-keiko-camas","9":"first","10":"instock","11":"virtual","12":"product-type-simple"},"_links":{"self":[{"href":"https:\/\/mhr.com.pt\/pt-pt\/wp-json\/wp\/v2\/product\/251410","targetHints":{"allow":["GET"]}}],"collection":[{"href":"https:\/\/mhr.com.pt\/pt-pt\/wp-json\/wp\/v2\/product"}],"about":[{"href":"https:\/\/mhr.com.pt\/pt-pt\/wp-json\/wp\/v2\/types\/product"}],"wp:featuredmedia":[{"embeddable":true,"href":"https:\/\/mhr.com.pt\/pt-pt\/wp-json\/wp\/v2\/media\/251411"}],"wp:attachment":[{"href":"https:\/\/mhr.com.pt\/pt-pt\/wp-json\/wp\/v2\/media?parent=251410"}],"wp:term":[{"taxonomy":"product_brand","embeddable":true,"href":"https:\/\/mhr.com.pt\/pt-pt\/wp-json\/wp\/v2\/product_brand?post=251410"},{"taxonomy":"product_cat","embeddable":true,"href":"https:\/\/mhr.com.pt\/pt-pt\/wp-json\/wp\/v2\/product_cat?post=251410"},{"taxonomy":"product_tag","embeddable":true,"href":"https:\/\/mhr.com.pt\/pt-pt\/wp-json\/wp\/v2\/product_tag?post=251410"}],"curies":[{"name":"wp","href":"https:\/\/api.w.org\/{rel}","templated":true}]}}