{"id":251415,"date":"2021-02-26T12:46:51","date_gmt":"2021-02-26T12:46:51","guid":{"rendered":"https:\/\/mhr.com.pt\/product\/keiko-2\/"},"modified":"2021-02-26T12:46:51","modified_gmt":"2021-02-26T12:46:51","slug":"keiko-2","status":"publish","type":"product","link":"https:\/\/mhr.com.pt\/pt-pt\/product\/keiko-2\/","title":{"rendered":"Keiko."},"content":{"rendered":"<p>Com propor\u00e7\u00f5es generosas e uma cabeceira marcante composta por gomos estofados retangulares, a cama Keiko King Size \u00e9 uma afirma\u00e7\u00e3o de equil\u00edbrio e conforto. A base arredondada prolonga-se at\u00e9 ao ch\u00e3o, dispensando p\u00e9s vis\u00edveis e refor\u00e7ando a presen\u00e7a s\u00f3lida da pe\u00e7a no quarto.<\/p>\n<p>Ideal para suites principais, oferece conforto, estrutura e eleg\u00e2ncia.<\/p>\n","protected":false},"excerpt":{"rendered":"<p>CAMA KING-SIZE<\/p>\n","protected":false},"featured_media":251416,"template":"","meta":{"_et_pb_use_builder":"","_et_pb_old_content":"","_et_gb_content_width":""},"product_brand":[],"product_cat":[498,504],"product_tag":[],"class_list":{"0":"post-251415","1":"product","2":"type-product","3":"status-publish","4":"has-post-thumbnail","6":"product_cat-camas","7":"product_cat-keiko-camas","9":"first","10":"instock","11":"virtual","12":"product-type-simple"},"_links":{"self":[{"href":"https:\/\/mhr.com.pt\/pt-pt\/wp-json\/wp\/v2\/product\/251415","targetHints":{"allow":["GET"]}}],"collection":[{"href":"https:\/\/mhr.com.pt\/pt-pt\/wp-json\/wp\/v2\/product"}],"about":[{"href":"https:\/\/mhr.com.pt\/pt-pt\/wp-json\/wp\/v2\/types\/product"}],"wp:featuredmedia":[{"embeddable":true,"href":"https:\/\/mhr.com.pt\/pt-pt\/wp-json\/wp\/v2\/media\/251416"}],"wp:attachment":[{"href":"https:\/\/mhr.com.pt\/pt-pt\/wp-json\/wp\/v2\/media?parent=251415"}],"wp:term":[{"taxonomy":"product_brand","embeddable":true,"href":"https:\/\/mhr.com.pt\/pt-pt\/wp-json\/wp\/v2\/product_brand?post=251415"},{"taxonomy":"product_cat","embeddable":true,"href":"https:\/\/mhr.com.pt\/pt-pt\/wp-json\/wp\/v2\/product_cat?post=251415"},{"taxonomy":"product_tag","embeddable":true,"href":"https:\/\/mhr.com.pt\/pt-pt\/wp-json\/wp\/v2\/product_tag?post=251415"}],"curies":[{"name":"wp","href":"https:\/\/api.w.org\/{rel}","templated":true}]}}