{"id":251421,"date":"2022-06-14T17:13:23","date_gmt":"2022-06-14T16:13:23","guid":{"rendered":"https:\/\/mhr.com.pt\/product\/leslie\/"},"modified":"2022-06-14T17:13:23","modified_gmt":"2022-06-14T16:13:23","slug":"leslie","status":"publish","type":"product","link":"https:\/\/mhr.com.pt\/pt-pt\/product\/leslie\/","title":{"rendered":"Leslie."},"content":{"rendered":"<p>A cama Leslie King Size \u00e9 uma pe\u00e7a de destaque em qualquer quarto. A sua cabeceira, composta por tr\u00eas pain\u00e9is com alturas, larguras e texturas variadas, cria um ponto focal impressionante. Os detalhes em relevo acrescentam dimens\u00e3o e sofistica\u00e7\u00e3o, enquanto os p\u00e9s altos e delicados e a base simples real\u00e7am a grandiosidade da cabeceira.<\/p>\n<p>Esta cama combina design moderno com detalhes luxuosos, tornando-se o centro perfeito de um quarto espa\u00e7oso e elegante.<\/p>\n","protected":false},"excerpt":{"rendered":"<p>CAMA KING-SIZE<\/p>\n","protected":false},"featured_media":251422,"template":"","meta":{"_et_pb_use_builder":"","_et_pb_old_content":"","_et_gb_content_width":""},"product_brand":[],"product_cat":[498,505],"product_tag":[],"class_list":{"0":"post-251421","1":"product","2":"type-product","3":"status-publish","4":"has-post-thumbnail","6":"product_cat-camas","7":"product_cat-leslie-camas","9":"first","10":"instock","11":"virtual","12":"product-type-simple"},"_links":{"self":[{"href":"https:\/\/mhr.com.pt\/pt-pt\/wp-json\/wp\/v2\/product\/251421","targetHints":{"allow":["GET"]}}],"collection":[{"href":"https:\/\/mhr.com.pt\/pt-pt\/wp-json\/wp\/v2\/product"}],"about":[{"href":"https:\/\/mhr.com.pt\/pt-pt\/wp-json\/wp\/v2\/types\/product"}],"wp:featuredmedia":[{"embeddable":true,"href":"https:\/\/mhr.com.pt\/pt-pt\/wp-json\/wp\/v2\/media\/251422"}],"wp:attachment":[{"href":"https:\/\/mhr.com.pt\/pt-pt\/wp-json\/wp\/v2\/media?parent=251421"}],"wp:term":[{"taxonomy":"product_brand","embeddable":true,"href":"https:\/\/mhr.com.pt\/pt-pt\/wp-json\/wp\/v2\/product_brand?post=251421"},{"taxonomy":"product_cat","embeddable":true,"href":"https:\/\/mhr.com.pt\/pt-pt\/wp-json\/wp\/v2\/product_cat?post=251421"},{"taxonomy":"product_tag","embeddable":true,"href":"https:\/\/mhr.com.pt\/pt-pt\/wp-json\/wp\/v2\/product_tag?post=251421"}],"curies":[{"name":"wp","href":"https:\/\/api.w.org\/{rel}","templated":true}]}}