{"id":251425,"date":"2022-06-14T17:20:08","date_gmt":"2022-06-14T16:20:08","guid":{"rendered":"https:\/\/mhr.com.pt\/product\/leslie-2\/"},"modified":"2022-06-14T17:20:08","modified_gmt":"2022-06-14T16:20:08","slug":"leslie-2","status":"publish","type":"product","link":"https:\/\/mhr.com.pt\/pt-pt\/product\/leslie-2\/","title":{"rendered":"Leslie."},"content":{"rendered":"<p>A cama Leslie Standard traz o mesmo design din\u00e2mico numa forma mais compacta. A sua cabeceira, com tr\u00eas pain\u00e9is de tamanhos e texturas diferentes, adiciona um elemento visual marcante ao quarto. O detalhe em relevo aprimora a experi\u00eancia t\u00e1til, enquanto os p\u00e9s altos e delicados elevam o design geral.<\/p>\n<p>Esta cama \u00e9 ideal para quem deseja um quarto moderno e impactante, com um car\u00e1ter distinto.<\/p>\n","protected":false},"excerpt":{"rendered":"<p>CAMA<\/p>\n","protected":false},"featured_media":251426,"template":"","meta":{"_et_pb_use_builder":"","_et_pb_old_content":"","_et_gb_content_width":""},"product_brand":[],"product_cat":[498,505],"product_tag":[],"class_list":{"0":"post-251425","1":"product","2":"type-product","3":"status-publish","4":"has-post-thumbnail","6":"product_cat-camas","7":"product_cat-leslie-camas","9":"first","10":"instock","11":"virtual","12":"product-type-simple"},"_links":{"self":[{"href":"https:\/\/mhr.com.pt\/pt-pt\/wp-json\/wp\/v2\/product\/251425","targetHints":{"allow":["GET"]}}],"collection":[{"href":"https:\/\/mhr.com.pt\/pt-pt\/wp-json\/wp\/v2\/product"}],"about":[{"href":"https:\/\/mhr.com.pt\/pt-pt\/wp-json\/wp\/v2\/types\/product"}],"wp:featuredmedia":[{"embeddable":true,"href":"https:\/\/mhr.com.pt\/pt-pt\/wp-json\/wp\/v2\/media\/251426"}],"wp:attachment":[{"href":"https:\/\/mhr.com.pt\/pt-pt\/wp-json\/wp\/v2\/media?parent=251425"}],"wp:term":[{"taxonomy":"product_brand","embeddable":true,"href":"https:\/\/mhr.com.pt\/pt-pt\/wp-json\/wp\/v2\/product_brand?post=251425"},{"taxonomy":"product_cat","embeddable":true,"href":"https:\/\/mhr.com.pt\/pt-pt\/wp-json\/wp\/v2\/product_cat?post=251425"},{"taxonomy":"product_tag","embeddable":true,"href":"https:\/\/mhr.com.pt\/pt-pt\/wp-json\/wp\/v2\/product_tag?post=251425"}],"curies":[{"name":"wp","href":"https:\/\/api.w.org\/{rel}","templated":true}]}}