{"id":251431,"date":"2022-06-14T17:21:11","date_gmt":"2022-06-14T16:21:11","guid":{"rendered":"https:\/\/mhr.com.pt\/product\/merida\/"},"modified":"2022-06-14T17:21:11","modified_gmt":"2022-06-14T16:21:11","slug":"merida","status":"publish","type":"product","link":"https:\/\/mhr.com.pt\/pt-pt\/product\/merida\/","title":{"rendered":"Merida."},"content":{"rendered":"<p>A cama Merida Standard mant\u00e9m o mesmo conforto luxuoso com uma cabeceira espessa e macia, proporcionando uma experi\u00eancia acolhedora e relaxante. O seu design delicado e as frentes estofadas oferecem uma est\u00e9tica aconchegante e convidativa, perfeita para criar uma atmosfera serena no quarto.<\/p>\n<p>O vivo ao redor da cama real\u00e7a o seu apelo refinado.<\/p>\n","protected":false},"excerpt":{"rendered":"<p>CAMA<\/p>\n","protected":false},"featured_media":251432,"template":"","meta":{"_et_pb_use_builder":"","_et_pb_old_content":"","_et_gb_content_width":""},"product_brand":[],"product_cat":[498,506],"product_tag":[],"class_list":{"0":"post-251431","1":"product","2":"type-product","3":"status-publish","4":"has-post-thumbnail","6":"product_cat-camas","7":"product_cat-merida-camas","9":"first","10":"instock","11":"virtual","12":"product-type-simple"},"_links":{"self":[{"href":"https:\/\/mhr.com.pt\/pt-pt\/wp-json\/wp\/v2\/product\/251431","targetHints":{"allow":["GET"]}}],"collection":[{"href":"https:\/\/mhr.com.pt\/pt-pt\/wp-json\/wp\/v2\/product"}],"about":[{"href":"https:\/\/mhr.com.pt\/pt-pt\/wp-json\/wp\/v2\/types\/product"}],"wp:featuredmedia":[{"embeddable":true,"href":"https:\/\/mhr.com.pt\/pt-pt\/wp-json\/wp\/v2\/media\/251432"}],"wp:attachment":[{"href":"https:\/\/mhr.com.pt\/pt-pt\/wp-json\/wp\/v2\/media?parent=251431"}],"wp:term":[{"taxonomy":"product_brand","embeddable":true,"href":"https:\/\/mhr.com.pt\/pt-pt\/wp-json\/wp\/v2\/product_brand?post=251431"},{"taxonomy":"product_cat","embeddable":true,"href":"https:\/\/mhr.com.pt\/pt-pt\/wp-json\/wp\/v2\/product_cat?post=251431"},{"taxonomy":"product_tag","embeddable":true,"href":"https:\/\/mhr.com.pt\/pt-pt\/wp-json\/wp\/v2\/product_tag?post=251431"}],"curies":[{"name":"wp","href":"https:\/\/api.w.org\/{rel}","templated":true}]}}