{"id":251437,"date":"2022-06-14T17:22:58","date_gmt":"2022-06-14T16:22:58","guid":{"rendered":"https:\/\/mhr.com.pt\/product\/merida-2\/"},"modified":"2022-06-14T17:22:58","modified_gmt":"2022-06-14T16:22:58","slug":"merida-2","status":"publish","type":"product","link":"https:\/\/mhr.com.pt\/pt-pt\/product\/merida-2\/","title":{"rendered":"Merida."},"content":{"rendered":"<p>A cama Merida King Size oferece uma experi\u00eancia de sono indulgente com a sua cabeceira espessa e macia e estofado excecional. O acolchoamento adicional proporciona um elevado n\u00edvel de conforto, tornando-a a pe\u00e7a central ideal para qualquer quarto espa\u00e7oso.<\/p>\n<p>A estrutura delicadamente desenhada e o vivo ao redor da cama aumentam o apelo visual, criando um ambiente suave e luxuoso.<\/p>\n","protected":false},"excerpt":{"rendered":"<p>CAMA KING-SIZE<\/p>\n","protected":false},"featured_media":251438,"template":"","meta":{"_et_pb_use_builder":"","_et_pb_old_content":"","_et_gb_content_width":""},"product_brand":[],"product_cat":[498,506],"product_tag":[],"class_list":{"0":"post-251437","1":"product","2":"type-product","3":"status-publish","4":"has-post-thumbnail","6":"product_cat-camas","7":"product_cat-merida-camas","9":"first","10":"instock","11":"virtual","12":"product-type-simple"},"_links":{"self":[{"href":"https:\/\/mhr.com.pt\/pt-pt\/wp-json\/wp\/v2\/product\/251437","targetHints":{"allow":["GET"]}}],"collection":[{"href":"https:\/\/mhr.com.pt\/pt-pt\/wp-json\/wp\/v2\/product"}],"about":[{"href":"https:\/\/mhr.com.pt\/pt-pt\/wp-json\/wp\/v2\/types\/product"}],"wp:featuredmedia":[{"embeddable":true,"href":"https:\/\/mhr.com.pt\/pt-pt\/wp-json\/wp\/v2\/media\/251438"}],"wp:attachment":[{"href":"https:\/\/mhr.com.pt\/pt-pt\/wp-json\/wp\/v2\/media?parent=251437"}],"wp:term":[{"taxonomy":"product_brand","embeddable":true,"href":"https:\/\/mhr.com.pt\/pt-pt\/wp-json\/wp\/v2\/product_brand?post=251437"},{"taxonomy":"product_cat","embeddable":true,"href":"https:\/\/mhr.com.pt\/pt-pt\/wp-json\/wp\/v2\/product_cat?post=251437"},{"taxonomy":"product_tag","embeddable":true,"href":"https:\/\/mhr.com.pt\/pt-pt\/wp-json\/wp\/v2\/product_tag?post=251437"}],"curies":[{"name":"wp","href":"https:\/\/api.w.org\/{rel}","templated":true}]}}