{"id":251443,"date":"2021-02-26T12:54:10","date_gmt":"2021-02-26T12:54:10","guid":{"rendered":"https:\/\/mhr.com.pt\/product\/naomi\/"},"modified":"2021-02-26T12:54:10","modified_gmt":"2021-02-26T12:54:10","slug":"naomi","status":"publish","type":"product","link":"https:\/\/mhr.com.pt\/pt-pt\/product\/naomi\/","title":{"rendered":"Naomi."},"content":{"rendered":"<p>A cama Naomi destaca-se pela cabeceira de formas org\u00e2nicas, que cria uma sensa\u00e7\u00e3o de movimento e fluidez. Os detalhes met\u00e1licos trazem equil\u00edbrio e sofistica\u00e7\u00e3o, enquanto o estofado suave oferece conforto e luxo.<\/p>\n<p>Os p\u00e9s delicados completam o visual com a sua sutil eleg\u00e2ncia, tornando a cama Naomi a pe\u00e7a central perfeita para qualquer quarto refinado.<\/p>\n","protected":false},"excerpt":{"rendered":"<p>CAMA<\/p>\n","protected":false},"featured_media":251450,"template":"","meta":{"_et_pb_use_builder":"","_et_pb_old_content":"","_et_gb_content_width":""},"product_brand":[],"product_cat":[498,507],"product_tag":[],"class_list":{"0":"post-251443","1":"product","2":"type-product","3":"status-publish","4":"has-post-thumbnail","6":"product_cat-camas","7":"product_cat-naomi-cama","9":"first","10":"instock","11":"virtual","12":"product-type-simple"},"_links":{"self":[{"href":"https:\/\/mhr.com.pt\/pt-pt\/wp-json\/wp\/v2\/product\/251443","targetHints":{"allow":["GET"]}}],"collection":[{"href":"https:\/\/mhr.com.pt\/pt-pt\/wp-json\/wp\/v2\/product"}],"about":[{"href":"https:\/\/mhr.com.pt\/pt-pt\/wp-json\/wp\/v2\/types\/product"}],"wp:featuredmedia":[{"embeddable":true,"href":"https:\/\/mhr.com.pt\/pt-pt\/wp-json\/wp\/v2\/media\/251450"}],"wp:attachment":[{"href":"https:\/\/mhr.com.pt\/pt-pt\/wp-json\/wp\/v2\/media?parent=251443"}],"wp:term":[{"taxonomy":"product_brand","embeddable":true,"href":"https:\/\/mhr.com.pt\/pt-pt\/wp-json\/wp\/v2\/product_brand?post=251443"},{"taxonomy":"product_cat","embeddable":true,"href":"https:\/\/mhr.com.pt\/pt-pt\/wp-json\/wp\/v2\/product_cat?post=251443"},{"taxonomy":"product_tag","embeddable":true,"href":"https:\/\/mhr.com.pt\/pt-pt\/wp-json\/wp\/v2\/product_tag?post=251443"}],"curies":[{"name":"wp","href":"https:\/\/api.w.org\/{rel}","templated":true}]}}