{"id":251451,"date":"2022-06-14T17:24:50","date_gmt":"2022-06-14T16:24:50","guid":{"rendered":"https:\/\/mhr.com.pt\/product\/nara\/"},"modified":"2022-06-14T17:24:50","modified_gmt":"2022-06-14T16:24:50","slug":"nara","status":"publish","type":"product","link":"https:\/\/mhr.com.pt\/pt-pt\/product\/nara\/","title":{"rendered":"Nara."},"content":{"rendered":"<p>A cama Nara destaca-se pela cabeceira suspensa, que confere \u00e0 cama um aspeto leve e arejado, enquanto as abas no painel criam um espa\u00e7o \u00edntimo e acolhedor. As se\u00e7\u00f5es estofadas volumosas adicionam uma camada extra de luxo, e as linhas horizontais conferem \u00e0 cama uma sensa\u00e7\u00e3o de harmonia.<\/p>\n<p>O design da cama \u00e9 elegante e convidativo, perfeito para criar um ref\u00fagio refinado e confort\u00e1vel.<\/p>\n","protected":false},"excerpt":{"rendered":"<p>CAMA<\/p>\n","protected":false},"featured_media":251452,"template":"","meta":{"_et_pb_use_builder":"","_et_pb_old_content":"","_et_gb_content_width":""},"product_brand":[],"product_cat":[498,508],"product_tag":[],"class_list":{"0":"post-251451","1":"product","2":"type-product","3":"status-publish","4":"has-post-thumbnail","6":"product_cat-camas","7":"product_cat-nara-cama","9":"first","10":"instock","11":"virtual","12":"product-type-simple"},"_links":{"self":[{"href":"https:\/\/mhr.com.pt\/pt-pt\/wp-json\/wp\/v2\/product\/251451","targetHints":{"allow":["GET"]}}],"collection":[{"href":"https:\/\/mhr.com.pt\/pt-pt\/wp-json\/wp\/v2\/product"}],"about":[{"href":"https:\/\/mhr.com.pt\/pt-pt\/wp-json\/wp\/v2\/types\/product"}],"wp:featuredmedia":[{"embeddable":true,"href":"https:\/\/mhr.com.pt\/pt-pt\/wp-json\/wp\/v2\/media\/251452"}],"wp:attachment":[{"href":"https:\/\/mhr.com.pt\/pt-pt\/wp-json\/wp\/v2\/media?parent=251451"}],"wp:term":[{"taxonomy":"product_brand","embeddable":true,"href":"https:\/\/mhr.com.pt\/pt-pt\/wp-json\/wp\/v2\/product_brand?post=251451"},{"taxonomy":"product_cat","embeddable":true,"href":"https:\/\/mhr.com.pt\/pt-pt\/wp-json\/wp\/v2\/product_cat?post=251451"},{"taxonomy":"product_tag","embeddable":true,"href":"https:\/\/mhr.com.pt\/pt-pt\/wp-json\/wp\/v2\/product_tag?post=251451"}],"curies":[{"name":"wp","href":"https:\/\/api.w.org\/{rel}","templated":true}]}}