{"id":251454,"date":"2025-03-25T11:18:48","date_gmt":"2025-03-25T11:18:48","guid":{"rendered":"https:\/\/mhr.com.pt\/product\/noah\/"},"modified":"2025-03-25T11:18:48","modified_gmt":"2025-03-25T11:18:48","slug":"noah","status":"publish","type":"product","link":"https:\/\/mhr.com.pt\/pt-pt\/product\/noah\/","title":{"rendered":"Noah."},"content":{"rendered":"<p>A cama Standard NOAH combina luxo refinado com design moderno. O quadro estofado meticulosamente e os detalhes met\u00e1licos adicionam sofistica\u00e7\u00e3o a qualquer quarto. Fabricada com os melhores materiais e aten\u00e7\u00e3o ao pormenor, esta cama proporciona o equil\u00edbrio perfeito entre estilo e conforto.<\/p>\n<p>A adi\u00e7\u00e3o de detalhes met\u00e1licos traz um toque de opul\u00eancia, enquanto o design simples, mas sofisticado, se adapta perfeitamente a v\u00e1rios estilos de quarto.<\/p>\n","protected":false},"excerpt":{"rendered":"<p>CAMA<\/p>\n","protected":false},"featured_media":251455,"template":"","meta":{"_et_pb_use_builder":"","_et_pb_old_content":"","_et_gb_content_width":""},"product_brand":[],"product_cat":[498,509],"product_tag":[],"class_list":{"0":"post-251454","1":"product","2":"type-product","3":"status-publish","4":"has-post-thumbnail","6":"product_cat-camas","7":"product_cat-noah-camas","9":"first","10":"instock","11":"virtual","12":"product-type-simple"},"_links":{"self":[{"href":"https:\/\/mhr.com.pt\/pt-pt\/wp-json\/wp\/v2\/product\/251454","targetHints":{"allow":["GET"]}}],"collection":[{"href":"https:\/\/mhr.com.pt\/pt-pt\/wp-json\/wp\/v2\/product"}],"about":[{"href":"https:\/\/mhr.com.pt\/pt-pt\/wp-json\/wp\/v2\/types\/product"}],"wp:featuredmedia":[{"embeddable":true,"href":"https:\/\/mhr.com.pt\/pt-pt\/wp-json\/wp\/v2\/media\/251455"}],"wp:attachment":[{"href":"https:\/\/mhr.com.pt\/pt-pt\/wp-json\/wp\/v2\/media?parent=251454"}],"wp:term":[{"taxonomy":"product_brand","embeddable":true,"href":"https:\/\/mhr.com.pt\/pt-pt\/wp-json\/wp\/v2\/product_brand?post=251454"},{"taxonomy":"product_cat","embeddable":true,"href":"https:\/\/mhr.com.pt\/pt-pt\/wp-json\/wp\/v2\/product_cat?post=251454"},{"taxonomy":"product_tag","embeddable":true,"href":"https:\/\/mhr.com.pt\/pt-pt\/wp-json\/wp\/v2\/product_tag?post=251454"}],"curies":[{"name":"wp","href":"https:\/\/api.w.org\/{rel}","templated":true}]}}