{"id":251456,"date":"2025-03-25T11:16:25","date_gmt":"2025-03-25T11:16:25","guid":{"rendered":"https:\/\/mhr.com.pt\/product\/noah-2\/"},"modified":"2025-03-25T11:16:25","modified_gmt":"2025-03-25T11:16:25","slug":"noah-2","status":"publish","type":"product","link":"https:\/\/mhr.com.pt\/pt-pt\/product\/noah-2\/","title":{"rendered":"Noah."},"content":{"rendered":"<p>A cama King-size NOAH \u00e9 a express\u00e3o m\u00e1xima de luxo. Com um belo estofado e detalhes met\u00e1licos requintados, esta cama traz opul\u00eancia e eleg\u00e2ncia a qualquer quarto. Os materiais cuidadosamente escolhidos e a perfei\u00e7\u00e3o da fabrica\u00e7\u00e3o juntam-se para criar uma pe\u00e7a que incorpora um estilo atemporal.<\/p>\n<p>Com a op\u00e7\u00e3o adicional de mesas de cabeceira acr\u00edlicas incorporadas na cabeceira, a cama King-size NOAH torna-se uma pe\u00e7a de destaque em qualquer ambiente de quarto luxuoso.<\/p>\n","protected":false},"excerpt":{"rendered":"<p>CAMA KING-SIZE<\/p>\n","protected":false},"featured_media":251457,"template":"","meta":{"_et_pb_use_builder":"","_et_pb_old_content":"","_et_gb_content_width":""},"product_brand":[],"product_cat":[498,509],"product_tag":[],"class_list":{"0":"post-251456","1":"product","2":"type-product","3":"status-publish","4":"has-post-thumbnail","6":"product_cat-camas","7":"product_cat-noah-camas","9":"first","10":"instock","11":"virtual","12":"product-type-simple"},"_links":{"self":[{"href":"https:\/\/mhr.com.pt\/pt-pt\/wp-json\/wp\/v2\/product\/251456","targetHints":{"allow":["GET"]}}],"collection":[{"href":"https:\/\/mhr.com.pt\/pt-pt\/wp-json\/wp\/v2\/product"}],"about":[{"href":"https:\/\/mhr.com.pt\/pt-pt\/wp-json\/wp\/v2\/types\/product"}],"wp:featuredmedia":[{"embeddable":true,"href":"https:\/\/mhr.com.pt\/pt-pt\/wp-json\/wp\/v2\/media\/251457"}],"wp:attachment":[{"href":"https:\/\/mhr.com.pt\/pt-pt\/wp-json\/wp\/v2\/media?parent=251456"}],"wp:term":[{"taxonomy":"product_brand","embeddable":true,"href":"https:\/\/mhr.com.pt\/pt-pt\/wp-json\/wp\/v2\/product_brand?post=251456"},{"taxonomy":"product_cat","embeddable":true,"href":"https:\/\/mhr.com.pt\/pt-pt\/wp-json\/wp\/v2\/product_cat?post=251456"},{"taxonomy":"product_tag","embeddable":true,"href":"https:\/\/mhr.com.pt\/pt-pt\/wp-json\/wp\/v2\/product_tag?post=251456"}],"curies":[{"name":"wp","href":"https:\/\/api.w.org\/{rel}","templated":true}]}}