{"id":251459,"date":"2022-06-14T17:26:03","date_gmt":"2022-06-14T16:26:03","guid":{"rendered":"https:\/\/mhr.com.pt\/product\/olivia\/"},"modified":"2022-06-14T17:26:03","modified_gmt":"2022-06-14T16:26:03","slug":"olivia","status":"publish","type":"product","link":"https:\/\/mhr.com.pt\/pt-pt\/product\/olivia\/","title":{"rendered":"Olivia."},"content":{"rendered":"<p>A cama OLIVIA \u00e9 o auge do design cl\u00e1ssico contempor\u00e2neo. O seu trabalho de capitonn\u00e9 aut\u00eantico distingue-a, oferecendo um toque atemporal ao seu quarto. A base s\u00f3lida da cama vai at\u00e9 o ch\u00e3o, criando uma sensa\u00e7\u00e3o de estabilidade e presen\u00e7a.<\/p>\n<p>Uma caracter\u00edstica adicional \u00e9 o estrado elevat\u00f3rio, que n\u00e3o s\u00f3 aumenta a capacidade de armazenamento, mas tamb\u00e9m traz uma praticidade moderna a esta bela pe\u00e7a de mobili\u00e1rio.<\/p>\n","protected":false},"excerpt":{"rendered":"<p>CAMA<\/p>\n","protected":false},"featured_media":251460,"template":"","meta":{"_et_pb_use_builder":"","_et_pb_old_content":"","_et_gb_content_width":""},"product_brand":[],"product_cat":[498,510],"product_tag":[],"class_list":{"0":"post-251459","1":"product","2":"type-product","3":"status-publish","4":"has-post-thumbnail","6":"product_cat-camas","7":"product_cat-olivia-cama","9":"first","10":"instock","11":"virtual","12":"product-type-simple"},"_links":{"self":[{"href":"https:\/\/mhr.com.pt\/pt-pt\/wp-json\/wp\/v2\/product\/251459","targetHints":{"allow":["GET"]}}],"collection":[{"href":"https:\/\/mhr.com.pt\/pt-pt\/wp-json\/wp\/v2\/product"}],"about":[{"href":"https:\/\/mhr.com.pt\/pt-pt\/wp-json\/wp\/v2\/types\/product"}],"wp:featuredmedia":[{"embeddable":true,"href":"https:\/\/mhr.com.pt\/pt-pt\/wp-json\/wp\/v2\/media\/251460"}],"wp:attachment":[{"href":"https:\/\/mhr.com.pt\/pt-pt\/wp-json\/wp\/v2\/media?parent=251459"}],"wp:term":[{"taxonomy":"product_brand","embeddable":true,"href":"https:\/\/mhr.com.pt\/pt-pt\/wp-json\/wp\/v2\/product_brand?post=251459"},{"taxonomy":"product_cat","embeddable":true,"href":"https:\/\/mhr.com.pt\/pt-pt\/wp-json\/wp\/v2\/product_cat?post=251459"},{"taxonomy":"product_tag","embeddable":true,"href":"https:\/\/mhr.com.pt\/pt-pt\/wp-json\/wp\/v2\/product_tag?post=251459"}],"curies":[{"name":"wp","href":"https:\/\/api.w.org\/{rel}","templated":true}]}}