{"id":251466,"date":"2021-02-26T16:54:56","date_gmt":"2021-02-26T16:54:56","guid":{"rendered":"https:\/\/mhr.com.pt\/product\/andrea-3\/"},"modified":"2021-02-26T16:54:56","modified_gmt":"2021-02-26T16:54:56","slug":"andrea-3","status":"publish","type":"product","link":"https:\/\/mhr.com.pt\/pt-pt\/product\/andrea-3\/","title":{"rendered":"Andrea."},"content":{"rendered":"<p>Pensado para uma arruma\u00e7\u00e3o vertical, o camiseiro Andrea preserva a identidade elegante da cole\u00e7\u00e3o com a sua estrutura estofada e as linhas costuradas de padr\u00e3o suave e irregular.<\/p>\n<p>Uma solu\u00e7\u00e3o pr\u00e1tica para organizar roupa ou acess\u00f3rios, que contribui para a harmonia do espa\u00e7o.<\/p>\n","protected":false},"excerpt":{"rendered":"<p>CAMISEIRO<\/p>\n","protected":false},"featured_media":251468,"template":"","meta":{"_et_pb_use_builder":"","_et_pb_old_content":"","_et_gb_content_width":""},"product_brand":[],"product_cat":[511,512],"product_tag":[],"class_list":{"0":"post-251466","1":"product","2":"type-product","3":"status-publish","4":"has-post-thumbnail","6":"product_cat-acessorios-de-quarto","7":"product_cat-andrea-acessorios","9":"first","10":"instock","11":"virtual","12":"product-type-simple"},"_links":{"self":[{"href":"https:\/\/mhr.com.pt\/pt-pt\/wp-json\/wp\/v2\/product\/251466","targetHints":{"allow":["GET"]}}],"collection":[{"href":"https:\/\/mhr.com.pt\/pt-pt\/wp-json\/wp\/v2\/product"}],"about":[{"href":"https:\/\/mhr.com.pt\/pt-pt\/wp-json\/wp\/v2\/types\/product"}],"wp:featuredmedia":[{"embeddable":true,"href":"https:\/\/mhr.com.pt\/pt-pt\/wp-json\/wp\/v2\/media\/251468"}],"wp:attachment":[{"href":"https:\/\/mhr.com.pt\/pt-pt\/wp-json\/wp\/v2\/media?parent=251466"}],"wp:term":[{"taxonomy":"product_brand","embeddable":true,"href":"https:\/\/mhr.com.pt\/pt-pt\/wp-json\/wp\/v2\/product_brand?post=251466"},{"taxonomy":"product_cat","embeddable":true,"href":"https:\/\/mhr.com.pt\/pt-pt\/wp-json\/wp\/v2\/product_cat?post=251466"},{"taxonomy":"product_tag","embeddable":true,"href":"https:\/\/mhr.com.pt\/pt-pt\/wp-json\/wp\/v2\/product_tag?post=251466"}],"curies":[{"name":"wp","href":"https:\/\/api.w.org\/{rel}","templated":true}]}}