{"id":251476,"date":"2021-03-02T15:37:06","date_gmt":"2021-03-02T15:37:06","guid":{"rendered":"https:\/\/mhr.com.pt\/product\/ellie-5\/"},"modified":"2021-03-02T15:37:06","modified_gmt":"2021-03-02T15:37:06","slug":"ellie-5","status":"publish","type":"product","link":"https:\/\/mhr.com.pt\/pt-pt\/product\/ellie-5\/","title":{"rendered":"Ellie."},"content":{"rendered":"<p>A Banqueta Ellie acrescenta funcionalidade e estilo ao quarto.<\/p>\n<p>Estofada para garantir conforto e assente sobre finos p\u00e9s met\u00e1licos, traz um toque final leve e elegante ao fundo da cama ou a qualquer canto do espa\u00e7o.<\/p>\n","protected":false},"excerpt":{"rendered":"<p>BANQUETA<\/p>\n","protected":false},"featured_media":251477,"template":"","meta":{"_et_pb_use_builder":"","_et_pb_old_content":"","_et_gb_content_width":""},"product_brand":[],"product_cat":[511,513],"product_tag":[],"class_list":{"0":"post-251476","1":"product","2":"type-product","3":"status-publish","4":"has-post-thumbnail","6":"product_cat-acessorios-de-quarto","7":"product_cat-ellie-acessorios","9":"first","10":"instock","11":"virtual","12":"product-type-simple"},"_links":{"self":[{"href":"https:\/\/mhr.com.pt\/pt-pt\/wp-json\/wp\/v2\/product\/251476","targetHints":{"allow":["GET"]}}],"collection":[{"href":"https:\/\/mhr.com.pt\/pt-pt\/wp-json\/wp\/v2\/product"}],"about":[{"href":"https:\/\/mhr.com.pt\/pt-pt\/wp-json\/wp\/v2\/types\/product"}],"wp:featuredmedia":[{"embeddable":true,"href":"https:\/\/mhr.com.pt\/pt-pt\/wp-json\/wp\/v2\/media\/251477"}],"wp:attachment":[{"href":"https:\/\/mhr.com.pt\/pt-pt\/wp-json\/wp\/v2\/media?parent=251476"}],"wp:term":[{"taxonomy":"product_brand","embeddable":true,"href":"https:\/\/mhr.com.pt\/pt-pt\/wp-json\/wp\/v2\/product_brand?post=251476"},{"taxonomy":"product_cat","embeddable":true,"href":"https:\/\/mhr.com.pt\/pt-pt\/wp-json\/wp\/v2\/product_cat?post=251476"},{"taxonomy":"product_tag","embeddable":true,"href":"https:\/\/mhr.com.pt\/pt-pt\/wp-json\/wp\/v2\/product_tag?post=251476"}],"curies":[{"name":"wp","href":"https:\/\/api.w.org\/{rel}","templated":true}]}}