{"id":251485,"date":"2021-02-26T17:05:12","date_gmt":"2021-02-26T17:05:12","guid":{"rendered":"https:\/\/mhr.com.pt\/product\/jazz-4\/"},"modified":"2021-02-26T17:05:12","modified_gmt":"2021-02-26T17:05:12","slug":"jazz-4","status":"publish","type":"product","link":"https:\/\/mhr.com.pt\/pt-pt\/product\/jazz-4\/","title":{"rendered":"Jazz."},"content":{"rendered":"<p>A C\u00f3moda Jazz apresenta um equil\u00edbrio entre a estrutura met\u00e1lica e os volumes estofados.<\/p>\n<p>Pensada para se destacar, oferece arruma\u00e7\u00e3o sem comprometer a harmonia est\u00e9tica do espa\u00e7o.<\/p>\n","protected":false},"excerpt":{"rendered":"<p>C\u00d3MODA<\/p>\n","protected":false},"featured_media":251486,"template":"","meta":{"_et_pb_use_builder":"","_et_pb_old_content":"","_et_gb_content_width":""},"product_brand":[],"product_cat":[511,515],"product_tag":[],"class_list":{"0":"post-251485","1":"product","2":"type-product","3":"status-publish","4":"has-post-thumbnail","6":"product_cat-acessorios-de-quarto","7":"product_cat-jazz-acessorios","9":"first","10":"instock","11":"virtual","12":"product-type-simple"},"_links":{"self":[{"href":"https:\/\/mhr.com.pt\/pt-pt\/wp-json\/wp\/v2\/product\/251485","targetHints":{"allow":["GET"]}}],"collection":[{"href":"https:\/\/mhr.com.pt\/pt-pt\/wp-json\/wp\/v2\/product"}],"about":[{"href":"https:\/\/mhr.com.pt\/pt-pt\/wp-json\/wp\/v2\/types\/product"}],"wp:featuredmedia":[{"embeddable":true,"href":"https:\/\/mhr.com.pt\/pt-pt\/wp-json\/wp\/v2\/media\/251486"}],"wp:attachment":[{"href":"https:\/\/mhr.com.pt\/pt-pt\/wp-json\/wp\/v2\/media?parent=251485"}],"wp:term":[{"taxonomy":"product_brand","embeddable":true,"href":"https:\/\/mhr.com.pt\/pt-pt\/wp-json\/wp\/v2\/product_brand?post=251485"},{"taxonomy":"product_cat","embeddable":true,"href":"https:\/\/mhr.com.pt\/pt-pt\/wp-json\/wp\/v2\/product_cat?post=251485"},{"taxonomy":"product_tag","embeddable":true,"href":"https:\/\/mhr.com.pt\/pt-pt\/wp-json\/wp\/v2\/product_tag?post=251485"}],"curies":[{"name":"wp","href":"https:\/\/api.w.org\/{rel}","templated":true}]}}