{"id":251489,"date":"2021-03-01T10:15:03","date_gmt":"2021-03-01T10:15:03","guid":{"rendered":"https:\/\/mhr.com.pt\/product\/jazz-6\/"},"modified":"2021-03-01T10:15:03","modified_gmt":"2021-03-01T10:15:03","slug":"jazz-6","status":"publish","type":"product","link":"https:\/\/mhr.com.pt\/pt-pt\/product\/jazz-6\/","title":{"rendered":"Jazz."},"content":{"rendered":"<p>Com uma moldura met\u00e1lica subtil, o Espelho Jazz \u00e9 um acess\u00f3rio sofisticado que acrescenta luz e eleg\u00e2ncia ao ambiente.<\/p>\n<p>Reflete a linguagem da cole\u00e7\u00e3o na sua simplicidade e requinte.<\/p>\n","protected":false},"excerpt":{"rendered":"<p>ESPELHO<\/p>\n","protected":false},"featured_media":251495,"template":"","meta":{"_et_pb_use_builder":"","_et_pb_old_content":"","_et_gb_content_width":""},"product_brand":[],"product_cat":[511,515],"product_tag":[],"class_list":{"0":"post-251489","1":"product","2":"type-product","3":"status-publish","4":"has-post-thumbnail","6":"product_cat-acessorios-de-quarto","7":"product_cat-jazz-acessorios","9":"first","10":"instock","11":"virtual","12":"product-type-simple"},"_links":{"self":[{"href":"https:\/\/mhr.com.pt\/pt-pt\/wp-json\/wp\/v2\/product\/251489","targetHints":{"allow":["GET"]}}],"collection":[{"href":"https:\/\/mhr.com.pt\/pt-pt\/wp-json\/wp\/v2\/product"}],"about":[{"href":"https:\/\/mhr.com.pt\/pt-pt\/wp-json\/wp\/v2\/types\/product"}],"wp:featuredmedia":[{"embeddable":true,"href":"https:\/\/mhr.com.pt\/pt-pt\/wp-json\/wp\/v2\/media\/251495"}],"wp:attachment":[{"href":"https:\/\/mhr.com.pt\/pt-pt\/wp-json\/wp\/v2\/media?parent=251489"}],"wp:term":[{"taxonomy":"product_brand","embeddable":true,"href":"https:\/\/mhr.com.pt\/pt-pt\/wp-json\/wp\/v2\/product_brand?post=251489"},{"taxonomy":"product_cat","embeddable":true,"href":"https:\/\/mhr.com.pt\/pt-pt\/wp-json\/wp\/v2\/product_cat?post=251489"},{"taxonomy":"product_tag","embeddable":true,"href":"https:\/\/mhr.com.pt\/pt-pt\/wp-json\/wp\/v2\/product_tag?post=251489"}],"curies":[{"name":"wp","href":"https:\/\/api.w.org\/{rel}","templated":true}]}}