{"id":251497,"date":"2021-03-02T15:36:14","date_gmt":"2021-03-02T15:36:14","guid":{"rendered":"https:\/\/mhr.com.pt\/product\/jazz-7\/"},"modified":"2021-03-02T15:36:14","modified_gmt":"2021-03-02T15:36:14","slug":"jazz-7","status":"publish","type":"product","link":"https:\/\/mhr.com.pt\/pt-pt\/product\/jazz-7\/","title":{"rendered":"Jazz."},"content":{"rendered":"<p>A Banqueta Jazz conjuga conforto e estilo.<\/p>\n<p>Estofada num tecido suave e real\u00e7ada por detalhes met\u00e1licos, \u00e9 a pe\u00e7a ideal para completar o quarto, seja ao fundo da cama ou numa zona de vestir.<\/p>\n","protected":false},"excerpt":{"rendered":"<p>BANQUETA<\/p>\n","protected":false},"featured_media":251498,"template":"","meta":{"_et_pb_use_builder":"","_et_pb_old_content":"","_et_gb_content_width":""},"product_brand":[],"product_cat":[511,515],"product_tag":[],"class_list":{"0":"post-251497","1":"product","2":"type-product","3":"status-publish","4":"has-post-thumbnail","6":"product_cat-acessorios-de-quarto","7":"product_cat-jazz-acessorios","9":"first","10":"instock","11":"virtual","12":"product-type-simple"},"_links":{"self":[{"href":"https:\/\/mhr.com.pt\/pt-pt\/wp-json\/wp\/v2\/product\/251497","targetHints":{"allow":["GET"]}}],"collection":[{"href":"https:\/\/mhr.com.pt\/pt-pt\/wp-json\/wp\/v2\/product"}],"about":[{"href":"https:\/\/mhr.com.pt\/pt-pt\/wp-json\/wp\/v2\/types\/product"}],"wp:featuredmedia":[{"embeddable":true,"href":"https:\/\/mhr.com.pt\/pt-pt\/wp-json\/wp\/v2\/media\/251498"}],"wp:attachment":[{"href":"https:\/\/mhr.com.pt\/pt-pt\/wp-json\/wp\/v2\/media?parent=251497"}],"wp:term":[{"taxonomy":"product_brand","embeddable":true,"href":"https:\/\/mhr.com.pt\/pt-pt\/wp-json\/wp\/v2\/product_brand?post=251497"},{"taxonomy":"product_cat","embeddable":true,"href":"https:\/\/mhr.com.pt\/pt-pt\/wp-json\/wp\/v2\/product_cat?post=251497"},{"taxonomy":"product_tag","embeddable":true,"href":"https:\/\/mhr.com.pt\/pt-pt\/wp-json\/wp\/v2\/product_tag?post=251497"}],"curies":[{"name":"wp","href":"https:\/\/api.w.org\/{rel}","templated":true}]}}