{"id":251499,"date":"2025-03-31T14:58:05","date_gmt":"2025-03-31T13:58:05","guid":{"rendered":"https:\/\/mhr.com.pt\/product\/kaori\/"},"modified":"2025-03-31T14:58:05","modified_gmt":"2025-03-31T13:58:05","slug":"kaori","status":"publish","type":"product","link":"https:\/\/mhr.com.pt\/pt-pt\/product\/kaori\/","title":{"rendered":"Kaori."},"content":{"rendered":"<p>A mesa de cabeceira Kaori oferece uma est\u00e9tica moderna e refinada ao ambiente do quarto.<\/p>\n<p>Com linhas direitas e depuradas, apresenta uma gaveta ampla com puxador embutido na parte superior da frente, mantendo a linguagem minimalista da pe\u00e7a. O tampo \u00e9 contornado por uma moldura elevada que funciona como bandeja integrada \u2014 ideal para organizar pequenos objetos ou destacar elementos decorativos.<\/p>\n<p>Assente sobre p\u00e9s em acr\u00edlico transparente, transmite uma sensa\u00e7\u00e3o de leveza e flutua\u00e7\u00e3o subtil em rela\u00e7\u00e3o ao ch\u00e3o.<\/p>\n","protected":false},"excerpt":{"rendered":"<p>MESA DE CABECEIRA<\/p>\n","protected":false},"featured_media":251500,"template":"","meta":{"_et_pb_use_builder":"","_et_pb_old_content":"","_et_gb_content_width":""},"product_brand":[],"product_cat":[511,516],"product_tag":[],"class_list":{"0":"post-251499","1":"product","2":"type-product","3":"status-publish","4":"has-post-thumbnail","6":"product_cat-acessorios-de-quarto","7":"product_cat-kaori-acessorios","9":"first","10":"instock","11":"shipping-taxable","12":"product-type-simple"},"_links":{"self":[{"href":"https:\/\/mhr.com.pt\/pt-pt\/wp-json\/wp\/v2\/product\/251499","targetHints":{"allow":["GET"]}}],"collection":[{"href":"https:\/\/mhr.com.pt\/pt-pt\/wp-json\/wp\/v2\/product"}],"about":[{"href":"https:\/\/mhr.com.pt\/pt-pt\/wp-json\/wp\/v2\/types\/product"}],"wp:featuredmedia":[{"embeddable":true,"href":"https:\/\/mhr.com.pt\/pt-pt\/wp-json\/wp\/v2\/media\/251500"}],"wp:attachment":[{"href":"https:\/\/mhr.com.pt\/pt-pt\/wp-json\/wp\/v2\/media?parent=251499"}],"wp:term":[{"taxonomy":"product_brand","embeddable":true,"href":"https:\/\/mhr.com.pt\/pt-pt\/wp-json\/wp\/v2\/product_brand?post=251499"},{"taxonomy":"product_cat","embeddable":true,"href":"https:\/\/mhr.com.pt\/pt-pt\/wp-json\/wp\/v2\/product_cat?post=251499"},{"taxonomy":"product_tag","embeddable":true,"href":"https:\/\/mhr.com.pt\/pt-pt\/wp-json\/wp\/v2\/product_tag?post=251499"}],"curies":[{"name":"wp","href":"https:\/\/api.w.org\/{rel}","templated":true}]}}