{"id":251504,"date":"2021-02-26T16:55:47","date_gmt":"2021-02-26T16:55:47","guid":{"rendered":"https:\/\/mhr.com.pt\/product\/keiko-3\/"},"modified":"2021-02-26T16:55:47","modified_gmt":"2021-02-26T16:55:47","slug":"keiko-3","status":"publish","type":"product","link":"https:\/\/mhr.com.pt\/pt-pt\/product\/keiko-3\/","title":{"rendered":"Keiko."},"content":{"rendered":"<p>A mesa de cabeceira Keiko replica as linhas retas da cabeceira numa pe\u00e7a de madeira funcional e depurada.<\/p>\n<p>Traz equil\u00edbrio e praticidade ao espa\u00e7o, refor\u00e7ando a identidade coesa da cole\u00e7\u00e3o.<\/p>\n","protected":false},"excerpt":{"rendered":"<p>MESA DE CABECEIRA<\/p>\n","protected":false},"featured_media":251505,"template":"","meta":{"_et_pb_use_builder":"","_et_pb_old_content":"","_et_gb_content_width":""},"product_brand":[],"product_cat":[511,517],"product_tag":[],"class_list":{"0":"post-251504","1":"product","2":"type-product","3":"status-publish","4":"has-post-thumbnail","6":"product_cat-acessorios-de-quarto","7":"product_cat-keiko-acessorios","9":"first","10":"instock","11":"virtual","12":"product-type-simple"},"_links":{"self":[{"href":"https:\/\/mhr.com.pt\/pt-pt\/wp-json\/wp\/v2\/product\/251504","targetHints":{"allow":["GET"]}}],"collection":[{"href":"https:\/\/mhr.com.pt\/pt-pt\/wp-json\/wp\/v2\/product"}],"about":[{"href":"https:\/\/mhr.com.pt\/pt-pt\/wp-json\/wp\/v2\/types\/product"}],"wp:featuredmedia":[{"embeddable":true,"href":"https:\/\/mhr.com.pt\/pt-pt\/wp-json\/wp\/v2\/media\/251505"}],"wp:attachment":[{"href":"https:\/\/mhr.com.pt\/pt-pt\/wp-json\/wp\/v2\/media?parent=251504"}],"wp:term":[{"taxonomy":"product_brand","embeddable":true,"href":"https:\/\/mhr.com.pt\/pt-pt\/wp-json\/wp\/v2\/product_brand?post=251504"},{"taxonomy":"product_cat","embeddable":true,"href":"https:\/\/mhr.com.pt\/pt-pt\/wp-json\/wp\/v2\/product_cat?post=251504"},{"taxonomy":"product_tag","embeddable":true,"href":"https:\/\/mhr.com.pt\/pt-pt\/wp-json\/wp\/v2\/product_tag?post=251504"}],"curies":[{"name":"wp","href":"https:\/\/api.w.org\/{rel}","templated":true}]}}