{"id":251510,"date":"2022-11-11T10:42:45","date_gmt":"2022-11-11T10:42:45","guid":{"rendered":"https:\/\/mhr.com.pt\/product\/leslie-3\/"},"modified":"2022-11-11T10:42:45","modified_gmt":"2022-11-11T10:42:45","slug":"leslie-3","status":"publish","type":"product","link":"https:\/\/mhr.com.pt\/pt-pt\/product\/leslie-3\/","title":{"rendered":"Leslie."},"content":{"rendered":"<p>A Banqueta Leslie inspira-se no design da Cama Leslie, transpondo as suas caracter\u00edsticas distintas para uma op\u00e7\u00e3o de assento requintada.<\/p>\n<p>Espelha o painel central da cabeceira incorporando pormenores subtis em relevo, juntamente com p\u00e9s altos e delicados que mant\u00eam uma base minimalista, permitindo que esta banqueta se torne um ponto focal em qualquer divis\u00e3o.<\/p>\n","protected":false},"excerpt":{"rendered":"<p>BANQUETA<\/p>\n","protected":false},"featured_media":251511,"template":"","meta":{"_et_pb_use_builder":"","_et_pb_old_content":"","_et_gb_content_width":""},"product_brand":[],"product_cat":[511,518,519],"product_tag":[],"class_list":{"0":"post-251510","1":"product","2":"type-product","3":"status-publish","4":"has-post-thumbnail","6":"product_cat-acessorios-de-quarto","7":"product_cat-leslie-acessorios","8":"product_cat-puffs-banquetas","10":"first","11":"instock","12":"shipping-taxable","13":"product-type-simple"},"_links":{"self":[{"href":"https:\/\/mhr.com.pt\/pt-pt\/wp-json\/wp\/v2\/product\/251510","targetHints":{"allow":["GET"]}}],"collection":[{"href":"https:\/\/mhr.com.pt\/pt-pt\/wp-json\/wp\/v2\/product"}],"about":[{"href":"https:\/\/mhr.com.pt\/pt-pt\/wp-json\/wp\/v2\/types\/product"}],"wp:featuredmedia":[{"embeddable":true,"href":"https:\/\/mhr.com.pt\/pt-pt\/wp-json\/wp\/v2\/media\/251511"}],"wp:attachment":[{"href":"https:\/\/mhr.com.pt\/pt-pt\/wp-json\/wp\/v2\/media?parent=251510"}],"wp:term":[{"taxonomy":"product_brand","embeddable":true,"href":"https:\/\/mhr.com.pt\/pt-pt\/wp-json\/wp\/v2\/product_brand?post=251510"},{"taxonomy":"product_cat","embeddable":true,"href":"https:\/\/mhr.com.pt\/pt-pt\/wp-json\/wp\/v2\/product_cat?post=251510"},{"taxonomy":"product_tag","embeddable":true,"href":"https:\/\/mhr.com.pt\/pt-pt\/wp-json\/wp\/v2\/product_tag?post=251510"}],"curies":[{"name":"wp","href":"https:\/\/api.w.org\/{rel}","templated":true}]}}