{"id":251513,"date":"2022-11-16T11:54:15","date_gmt":"2022-11-16T11:54:15","guid":{"rendered":"https:\/\/mhr.com.pt\/product\/leslie-4\/"},"modified":"2022-11-16T11:54:15","modified_gmt":"2022-11-16T11:54:15","slug":"leslie-4","status":"publish","type":"product","link":"https:\/\/mhr.com.pt\/pt-pt\/product\/leslie-4\/","title":{"rendered":"Leslie."},"content":{"rendered":"<p>A mesa de cabeceira Leslie reflete as linhas limpas e o design sofisticado da cole\u00e7\u00e3o. Com uma estrutura minimalista e detalhes refinados, oferece uma solu\u00e7\u00e3o pr\u00e1tica de armazenamento, complementando a est\u00e9tica din\u00e2mica da cabeceira.<\/p>\n<p>A sua forma simples e elegante torna-a uma pe\u00e7a essencial para um quarto moderno.<\/p>\n","protected":false},"excerpt":{"rendered":"<p>MESA DE CABECEIRA<\/p>\n","protected":false},"featured_media":250927,"template":"","meta":{"_et_pb_use_builder":"","_et_pb_old_content":"","_et_gb_content_width":""},"product_brand":[],"product_cat":[511,518],"product_tag":[],"class_list":{"0":"post-251513","1":"product","2":"type-product","3":"status-publish","4":"has-post-thumbnail","6":"product_cat-acessorios-de-quarto","7":"product_cat-leslie-acessorios","9":"first","10":"instock","11":"shipping-taxable","12":"product-type-simple"},"_links":{"self":[{"href":"https:\/\/mhr.com.pt\/pt-pt\/wp-json\/wp\/v2\/product\/251513","targetHints":{"allow":["GET"]}}],"collection":[{"href":"https:\/\/mhr.com.pt\/pt-pt\/wp-json\/wp\/v2\/product"}],"about":[{"href":"https:\/\/mhr.com.pt\/pt-pt\/wp-json\/wp\/v2\/types\/product"}],"wp:featuredmedia":[{"embeddable":true,"href":"https:\/\/mhr.com.pt\/pt-pt\/wp-json\/wp\/v2\/media\/250927"}],"wp:attachment":[{"href":"https:\/\/mhr.com.pt\/pt-pt\/wp-json\/wp\/v2\/media?parent=251513"}],"wp:term":[{"taxonomy":"product_brand","embeddable":true,"href":"https:\/\/mhr.com.pt\/pt-pt\/wp-json\/wp\/v2\/product_brand?post=251513"},{"taxonomy":"product_cat","embeddable":true,"href":"https:\/\/mhr.com.pt\/pt-pt\/wp-json\/wp\/v2\/product_cat?post=251513"},{"taxonomy":"product_tag","embeddable":true,"href":"https:\/\/mhr.com.pt\/pt-pt\/wp-json\/wp\/v2\/product_tag?post=251513"}],"curies":[{"name":"wp","href":"https:\/\/api.w.org\/{rel}","templated":true}]}}