{"id":251515,"date":"2022-11-16T11:55:02","date_gmt":"2022-11-16T11:55:02","guid":{"rendered":"https:\/\/mhr.com.pt\/product\/leslie-5\/"},"modified":"2022-11-16T11:55:02","modified_gmt":"2022-11-16T11:55:02","slug":"leslie-5","status":"publish","type":"product","link":"https:\/\/mhr.com.pt\/pt-pt\/product\/leslie-5\/","title":{"rendered":"Leslie."},"content":{"rendered":"<p>A c\u00f3moda Leslie exala o mesmo sentido de eleg\u00e2ncia e equil\u00edbrio, com o seu design simples, mas marcante. As linhas limpas da c\u00f3moda contrastam maravilhosamente com a textura din\u00e2mica e os detalhes em relevo da cabeceira, criando um visual harmonioso e sofisticado.<\/p>\n<p>Ideal para adicionar armazenamento sem comprometer a est\u00e9tica moderna.<\/p>\n","protected":false},"excerpt":{"rendered":"<p>C\u00d3MODA<\/p>\n","protected":false},"featured_media":250928,"template":"","meta":{"_et_pb_use_builder":"","_et_pb_old_content":"","_et_gb_content_width":""},"product_brand":[],"product_cat":[511,518],"product_tag":[],"class_list":{"0":"post-251515","1":"product","2":"type-product","3":"status-publish","4":"has-post-thumbnail","6":"product_cat-acessorios-de-quarto","7":"product_cat-leslie-acessorios","9":"first","10":"instock","11":"shipping-taxable","12":"product-type-simple"},"_links":{"self":[{"href":"https:\/\/mhr.com.pt\/pt-pt\/wp-json\/wp\/v2\/product\/251515","targetHints":{"allow":["GET"]}}],"collection":[{"href":"https:\/\/mhr.com.pt\/pt-pt\/wp-json\/wp\/v2\/product"}],"about":[{"href":"https:\/\/mhr.com.pt\/pt-pt\/wp-json\/wp\/v2\/types\/product"}],"wp:featuredmedia":[{"embeddable":true,"href":"https:\/\/mhr.com.pt\/pt-pt\/wp-json\/wp\/v2\/media\/250928"}],"wp:attachment":[{"href":"https:\/\/mhr.com.pt\/pt-pt\/wp-json\/wp\/v2\/media?parent=251515"}],"wp:term":[{"taxonomy":"product_brand","embeddable":true,"href":"https:\/\/mhr.com.pt\/pt-pt\/wp-json\/wp\/v2\/product_brand?post=251515"},{"taxonomy":"product_cat","embeddable":true,"href":"https:\/\/mhr.com.pt\/pt-pt\/wp-json\/wp\/v2\/product_cat?post=251515"},{"taxonomy":"product_tag","embeddable":true,"href":"https:\/\/mhr.com.pt\/pt-pt\/wp-json\/wp\/v2\/product_tag?post=251515"}],"curies":[{"name":"wp","href":"https:\/\/api.w.org\/{rel}","templated":true}]}}