{"id":251516,"date":"2022-11-16T11:55:48","date_gmt":"2022-11-16T11:55:48","guid":{"rendered":"https:\/\/mhr.com.pt\/product\/leslie-6\/"},"modified":"2022-11-16T11:55:48","modified_gmt":"2022-11-16T11:55:48","slug":"leslie-6","status":"publish","type":"product","link":"https:\/\/mhr.com.pt\/pt-pt\/product\/leslie-6\/","title":{"rendered":"Leslie."},"content":{"rendered":"<p>O camiseiro Leslie oferece funcionalidade e design. A sua forma minimalista \u00e9 complementada pelos mesmos detalhes em relevo encontrados na cabeceira, unificando toda a cole\u00e7\u00e3o.<\/p>\n<p>Com amplo armazenamento e um design elegante, \u00e9 perfeito para organizar o quarto mantendo um visual limpo e moderno.<\/p>\n","protected":false},"excerpt":{"rendered":"<p>CAMISEIRO<\/p>\n","protected":false},"featured_media":250929,"template":"","meta":{"_et_pb_use_builder":"","_et_pb_old_content":"","_et_gb_content_width":""},"product_brand":[],"product_cat":[511,518],"product_tag":[],"class_list":{"0":"post-251516","1":"product","2":"type-product","3":"status-publish","4":"has-post-thumbnail","6":"product_cat-acessorios-de-quarto","7":"product_cat-leslie-acessorios","9":"first","10":"instock","11":"shipping-taxable","12":"product-type-simple"},"_links":{"self":[{"href":"https:\/\/mhr.com.pt\/pt-pt\/wp-json\/wp\/v2\/product\/251516","targetHints":{"allow":["GET"]}}],"collection":[{"href":"https:\/\/mhr.com.pt\/pt-pt\/wp-json\/wp\/v2\/product"}],"about":[{"href":"https:\/\/mhr.com.pt\/pt-pt\/wp-json\/wp\/v2\/types\/product"}],"wp:featuredmedia":[{"embeddable":true,"href":"https:\/\/mhr.com.pt\/pt-pt\/wp-json\/wp\/v2\/media\/250929"}],"wp:attachment":[{"href":"https:\/\/mhr.com.pt\/pt-pt\/wp-json\/wp\/v2\/media?parent=251516"}],"wp:term":[{"taxonomy":"product_brand","embeddable":true,"href":"https:\/\/mhr.com.pt\/pt-pt\/wp-json\/wp\/v2\/product_brand?post=251516"},{"taxonomy":"product_cat","embeddable":true,"href":"https:\/\/mhr.com.pt\/pt-pt\/wp-json\/wp\/v2\/product_cat?post=251516"},{"taxonomy":"product_tag","embeddable":true,"href":"https:\/\/mhr.com.pt\/pt-pt\/wp-json\/wp\/v2\/product_tag?post=251516"}],"curies":[{"name":"wp","href":"https:\/\/api.w.org\/{rel}","templated":true}]}}