{"id":251520,"date":"2022-11-16T11:56:55","date_gmt":"2022-11-16T11:56:55","guid":{"rendered":"https:\/\/mhr.com.pt\/product\/leslie-7\/"},"modified":"2022-11-16T11:56:55","modified_gmt":"2022-11-16T11:56:55","slug":"leslie-7","status":"publish","type":"product","link":"https:\/\/mhr.com.pt\/pt-pt\/product\/leslie-7\/","title":{"rendered":"Leslie."},"content":{"rendered":"<p>O espelho Leslie complementa a cole\u00e7\u00e3o com a sua moldura refinada e minimalista, que ecoa as linhas limpas da cama e dos m\u00f3veis.<\/p>\n<p>O seu design simples e elegante reflete a sofistica\u00e7\u00e3o moderna do quarto, acrescentando estilo e funcionalidade.<\/p>\n","protected":false},"excerpt":{"rendered":"<p>ESPELHO<\/p>\n","protected":false},"featured_media":250930,"template":"","meta":{"_et_pb_use_builder":"","_et_pb_old_content":"","_et_gb_content_width":""},"product_brand":[],"product_cat":[511,518],"product_tag":[],"class_list":{"0":"post-251520","1":"product","2":"type-product","3":"status-publish","4":"has-post-thumbnail","6":"product_cat-acessorios-de-quarto","7":"product_cat-leslie-acessorios","9":"first","10":"instock","11":"shipping-taxable","12":"product-type-simple"},"_links":{"self":[{"href":"https:\/\/mhr.com.pt\/pt-pt\/wp-json\/wp\/v2\/product\/251520","targetHints":{"allow":["GET"]}}],"collection":[{"href":"https:\/\/mhr.com.pt\/pt-pt\/wp-json\/wp\/v2\/product"}],"about":[{"href":"https:\/\/mhr.com.pt\/pt-pt\/wp-json\/wp\/v2\/types\/product"}],"wp:featuredmedia":[{"embeddable":true,"href":"https:\/\/mhr.com.pt\/pt-pt\/wp-json\/wp\/v2\/media\/250930"}],"wp:attachment":[{"href":"https:\/\/mhr.com.pt\/pt-pt\/wp-json\/wp\/v2\/media?parent=251520"}],"wp:term":[{"taxonomy":"product_brand","embeddable":true,"href":"https:\/\/mhr.com.pt\/pt-pt\/wp-json\/wp\/v2\/product_brand?post=251520"},{"taxonomy":"product_cat","embeddable":true,"href":"https:\/\/mhr.com.pt\/pt-pt\/wp-json\/wp\/v2\/product_cat?post=251520"},{"taxonomy":"product_tag","embeddable":true,"href":"https:\/\/mhr.com.pt\/pt-pt\/wp-json\/wp\/v2\/product_tag?post=251520"}],"curies":[{"name":"wp","href":"https:\/\/api.w.org\/{rel}","templated":true}]}}