{"id":251523,"date":"2022-11-16T11:59:18","date_gmt":"2022-11-16T11:59:18","guid":{"rendered":"https:\/\/mhr.com.pt\/product\/merida-4\/"},"modified":"2022-11-16T11:59:18","modified_gmt":"2022-11-16T11:59:18","slug":"merida-4","status":"publish","type":"product","link":"https:\/\/mhr.com.pt\/pt-pt\/product\/merida-4\/","title":{"rendered":"Merida."},"content":{"rendered":"<p>O espelho Merida \u00e9 o reflexo perfeito do design suave e luxuoso da cole\u00e7\u00e3o. A sua moldura elegante reflete as linhas delicadas dos m\u00f3veis, enquanto o detalhe estofado adiciona um toque de sofistica\u00e7\u00e3o.<\/p>\n<p>Este espelho real\u00e7a a atmosfera tranquila e acolhedora do quarto.<\/p>\n","protected":false},"excerpt":{"rendered":"<p>ESPELHO<\/p>\n","protected":false},"featured_media":250938,"template":"","meta":{"_et_pb_use_builder":"","_et_pb_old_content":"","_et_gb_content_width":""},"product_brand":[],"product_cat":[511,520],"product_tag":[],"class_list":{"0":"post-251523","1":"product","2":"type-product","3":"status-publish","4":"has-post-thumbnail","6":"product_cat-acessorios-de-quarto","7":"product_cat-merida-acessorios","9":"first","10":"instock","11":"shipping-taxable","12":"product-type-simple"},"_links":{"self":[{"href":"https:\/\/mhr.com.pt\/pt-pt\/wp-json\/wp\/v2\/product\/251523","targetHints":{"allow":["GET"]}}],"collection":[{"href":"https:\/\/mhr.com.pt\/pt-pt\/wp-json\/wp\/v2\/product"}],"about":[{"href":"https:\/\/mhr.com.pt\/pt-pt\/wp-json\/wp\/v2\/types\/product"}],"wp:featuredmedia":[{"embeddable":true,"href":"https:\/\/mhr.com.pt\/pt-pt\/wp-json\/wp\/v2\/media\/250938"}],"wp:attachment":[{"href":"https:\/\/mhr.com.pt\/pt-pt\/wp-json\/wp\/v2\/media?parent=251523"}],"wp:term":[{"taxonomy":"product_brand","embeddable":true,"href":"https:\/\/mhr.com.pt\/pt-pt\/wp-json\/wp\/v2\/product_brand?post=251523"},{"taxonomy":"product_cat","embeddable":true,"href":"https:\/\/mhr.com.pt\/pt-pt\/wp-json\/wp\/v2\/product_cat?post=251523"},{"taxonomy":"product_tag","embeddable":true,"href":"https:\/\/mhr.com.pt\/pt-pt\/wp-json\/wp\/v2\/product_tag?post=251523"}],"curies":[{"name":"wp","href":"https:\/\/api.w.org\/{rel}","templated":true}]}}