{"id":251524,"date":"2022-11-16T12:00:04","date_gmt":"2022-11-16T12:00:04","guid":{"rendered":"https:\/\/mhr.com.pt\/product\/merida-5\/"},"modified":"2022-11-16T12:00:04","modified_gmt":"2022-11-16T12:00:04","slug":"merida-5","status":"publish","type":"product","link":"https:\/\/mhr.com.pt\/pt-pt\/product\/merida-5\/","title":{"rendered":"Merida."},"content":{"rendered":"<p>A banqueta Merida adiciona um toque de luxo e conforto ao quarto com o seu assento estofado e estrutura delicada.<\/p>\n<p>O seu design suave complementa a est\u00e9tica geral da cole\u00e7\u00e3o, tornando-a uma adi\u00e7\u00e3o perfeita para um espa\u00e7o de quarto aconchegante e refinado.<\/p>\n","protected":false},"excerpt":{"rendered":"<p>BANQUETA<\/p>\n","protected":false},"featured_media":250939,"template":"","meta":{"_et_pb_use_builder":"","_et_pb_old_content":"","_et_gb_content_width":""},"product_brand":[],"product_cat":[511,520],"product_tag":[],"class_list":{"0":"post-251524","1":"product","2":"type-product","3":"status-publish","4":"has-post-thumbnail","6":"product_cat-acessorios-de-quarto","7":"product_cat-merida-acessorios","9":"first","10":"instock","11":"shipping-taxable","12":"product-type-simple"},"_links":{"self":[{"href":"https:\/\/mhr.com.pt\/pt-pt\/wp-json\/wp\/v2\/product\/251524","targetHints":{"allow":["GET"]}}],"collection":[{"href":"https:\/\/mhr.com.pt\/pt-pt\/wp-json\/wp\/v2\/product"}],"about":[{"href":"https:\/\/mhr.com.pt\/pt-pt\/wp-json\/wp\/v2\/types\/product"}],"wp:featuredmedia":[{"embeddable":true,"href":"https:\/\/mhr.com.pt\/pt-pt\/wp-json\/wp\/v2\/media\/250939"}],"wp:attachment":[{"href":"https:\/\/mhr.com.pt\/pt-pt\/wp-json\/wp\/v2\/media?parent=251524"}],"wp:term":[{"taxonomy":"product_brand","embeddable":true,"href":"https:\/\/mhr.com.pt\/pt-pt\/wp-json\/wp\/v2\/product_brand?post=251524"},{"taxonomy":"product_cat","embeddable":true,"href":"https:\/\/mhr.com.pt\/pt-pt\/wp-json\/wp\/v2\/product_cat?post=251524"},{"taxonomy":"product_tag","embeddable":true,"href":"https:\/\/mhr.com.pt\/pt-pt\/wp-json\/wp\/v2\/product_tag?post=251524"}],"curies":[{"name":"wp","href":"https:\/\/api.w.org\/{rel}","templated":true}]}}