{"id":251525,"date":"2021-02-26T15:38:40","date_gmt":"2021-02-26T15:38:40","guid":{"rendered":"https:\/\/mhr.com.pt\/product\/naomi-2\/"},"modified":"2021-02-26T15:38:40","modified_gmt":"2021-02-26T15:38:40","slug":"naomi-2","status":"publish","type":"product","link":"https:\/\/mhr.com.pt\/pt-pt\/product\/naomi-2\/","title":{"rendered":"Naomi."},"content":{"rendered":"<p>A mesa de apoio Naomi encanta pelo seu formato irregular, simplicidade e eleg\u00e2ncia.<\/p>\n<p>O seu design \u00fanico permite que ela se adapte facilmente a qualquer ambiente, tornando-a uma adi\u00e7\u00e3o vers\u00e1til para a sua casa.<\/p>\n","protected":false},"excerpt":{"rendered":"<p>MESA DE APOIO<\/p>\n","protected":false},"featured_media":251526,"template":"","meta":{"_et_pb_use_builder":"","_et_pb_old_content":"","_et_gb_content_width":""},"product_brand":[],"product_cat":[521,522],"product_tag":[],"class_list":{"0":"post-251525","1":"product","2":"type-product","3":"status-publish","4":"has-post-thumbnail","6":"product_cat-mesas-apoio-centro","7":"product_cat-olivia-acessorios","9":"first","10":"instock","11":"virtual","12":"product-type-simple"},"_links":{"self":[{"href":"https:\/\/mhr.com.pt\/pt-pt\/wp-json\/wp\/v2\/product\/251525","targetHints":{"allow":["GET"]}}],"collection":[{"href":"https:\/\/mhr.com.pt\/pt-pt\/wp-json\/wp\/v2\/product"}],"about":[{"href":"https:\/\/mhr.com.pt\/pt-pt\/wp-json\/wp\/v2\/types\/product"}],"wp:featuredmedia":[{"embeddable":true,"href":"https:\/\/mhr.com.pt\/pt-pt\/wp-json\/wp\/v2\/media\/251526"}],"wp:attachment":[{"href":"https:\/\/mhr.com.pt\/pt-pt\/wp-json\/wp\/v2\/media?parent=251525"}],"wp:term":[{"taxonomy":"product_brand","embeddable":true,"href":"https:\/\/mhr.com.pt\/pt-pt\/wp-json\/wp\/v2\/product_brand?post=251525"},{"taxonomy":"product_cat","embeddable":true,"href":"https:\/\/mhr.com.pt\/pt-pt\/wp-json\/wp\/v2\/product_cat?post=251525"},{"taxonomy":"product_tag","embeddable":true,"href":"https:\/\/mhr.com.pt\/pt-pt\/wp-json\/wp\/v2\/product_tag?post=251525"}],"curies":[{"name":"wp","href":"https:\/\/api.w.org\/{rel}","templated":true}]}}