{"id":251529,"date":"2021-03-01T10:14:27","date_gmt":"2021-03-01T10:14:27","guid":{"rendered":"https:\/\/mhr.com.pt\/product\/naomi-3\/"},"modified":"2021-03-01T10:14:27","modified_gmt":"2021-03-01T10:14:27","slug":"naomi-3","status":"publish","type":"product","link":"https:\/\/mhr.com.pt\/pt-pt\/product\/naomi-3\/","title":{"rendered":"Naomi."},"content":{"rendered":"<p>O espelho Naomi ecoa o design org\u00e2nico e fluido da linha de quarto, com as suas curvas suaves e subtis detalhes met\u00e1licos. A moldura elegante complementa os m\u00f3veis, real\u00e7ando a sensa\u00e7\u00e3o geral de equil\u00edbrio e sofistica\u00e7\u00e3o no ambiente.<\/p>\n<p>Este espelho traz um toque de luxo e refinamento, refletindo a atmosfera tranquila da cole\u00e7\u00e3o Naomi.<\/p>\n","protected":false},"excerpt":{"rendered":"<p>ESPELHO<\/p>\n","protected":false},"featured_media":251530,"template":"","meta":{"_et_pb_use_builder":"","_et_pb_old_content":"","_et_gb_content_width":""},"product_brand":[],"product_cat":[511,523],"product_tag":[],"class_list":{"0":"post-251529","1":"product","2":"type-product","3":"status-publish","4":"has-post-thumbnail","6":"product_cat-acessorios-de-quarto","7":"product_cat-naomi-acessorios","9":"first","10":"instock","11":"virtual","12":"product-type-simple"},"_links":{"self":[{"href":"https:\/\/mhr.com.pt\/pt-pt\/wp-json\/wp\/v2\/product\/251529","targetHints":{"allow":["GET"]}}],"collection":[{"href":"https:\/\/mhr.com.pt\/pt-pt\/wp-json\/wp\/v2\/product"}],"about":[{"href":"https:\/\/mhr.com.pt\/pt-pt\/wp-json\/wp\/v2\/types\/product"}],"wp:featuredmedia":[{"embeddable":true,"href":"https:\/\/mhr.com.pt\/pt-pt\/wp-json\/wp\/v2\/media\/251530"}],"wp:attachment":[{"href":"https:\/\/mhr.com.pt\/pt-pt\/wp-json\/wp\/v2\/media?parent=251529"}],"wp:term":[{"taxonomy":"product_brand","embeddable":true,"href":"https:\/\/mhr.com.pt\/pt-pt\/wp-json\/wp\/v2\/product_brand?post=251529"},{"taxonomy":"product_cat","embeddable":true,"href":"https:\/\/mhr.com.pt\/pt-pt\/wp-json\/wp\/v2\/product_cat?post=251529"},{"taxonomy":"product_tag","embeddable":true,"href":"https:\/\/mhr.com.pt\/pt-pt\/wp-json\/wp\/v2\/product_tag?post=251529"}],"curies":[{"name":"wp","href":"https:\/\/api.w.org\/{rel}","templated":true}]}}