{"id":251531,"date":"2022-11-16T12:00:46","date_gmt":"2022-11-16T12:00:46","guid":{"rendered":"https:\/\/mhr.com.pt\/product\/nara-2\/"},"modified":"2022-11-16T12:00:46","modified_gmt":"2022-11-16T12:00:46","slug":"nara-2","status":"publish","type":"product","link":"https:\/\/mhr.com.pt\/pt-pt\/product\/nara-2\/","title":{"rendered":"Nara."},"content":{"rendered":"<p>A mesa de cabeceira Nara espelha o design da cama, com seus sutis cortes diagonais e estofado suave.<\/p>\n<p>Os detalhes texturizados na frente criam uma superf\u00edcie visualmente din\u00e2mica, adicionando profundidade e interesse. As linhas limpas e o design minimalista trazem sofistica\u00e7\u00e3o e praticidade, sendo o complemento perfeito para a cama Nara.<\/p>\n","protected":false},"excerpt":{"rendered":"<p>MESA DE CABECEIRA<\/p>\n","protected":false},"featured_media":250958,"template":"","meta":{"_et_pb_use_builder":"","_et_pb_old_content":"","_et_gb_content_width":""},"product_brand":[],"product_cat":[511,524],"product_tag":[],"class_list":{"0":"post-251531","1":"product","2":"type-product","3":"status-publish","4":"has-post-thumbnail","6":"product_cat-acessorios-de-quarto","7":"product_cat-nara-acessorios","9":"first","10":"instock","11":"shipping-taxable","12":"product-type-simple"},"_links":{"self":[{"href":"https:\/\/mhr.com.pt\/pt-pt\/wp-json\/wp\/v2\/product\/251531","targetHints":{"allow":["GET"]}}],"collection":[{"href":"https:\/\/mhr.com.pt\/pt-pt\/wp-json\/wp\/v2\/product"}],"about":[{"href":"https:\/\/mhr.com.pt\/pt-pt\/wp-json\/wp\/v2\/types\/product"}],"wp:featuredmedia":[{"embeddable":true,"href":"https:\/\/mhr.com.pt\/pt-pt\/wp-json\/wp\/v2\/media\/250958"}],"wp:attachment":[{"href":"https:\/\/mhr.com.pt\/pt-pt\/wp-json\/wp\/v2\/media?parent=251531"}],"wp:term":[{"taxonomy":"product_brand","embeddable":true,"href":"https:\/\/mhr.com.pt\/pt-pt\/wp-json\/wp\/v2\/product_brand?post=251531"},{"taxonomy":"product_cat","embeddable":true,"href":"https:\/\/mhr.com.pt\/pt-pt\/wp-json\/wp\/v2\/product_cat?post=251531"},{"taxonomy":"product_tag","embeddable":true,"href":"https:\/\/mhr.com.pt\/pt-pt\/wp-json\/wp\/v2\/product_tag?post=251531"}],"curies":[{"name":"wp","href":"https:\/\/api.w.org\/{rel}","templated":true}]}}