{"id":251533,"date":"2022-11-16T12:01:26","date_gmt":"2022-11-16T12:01:26","guid":{"rendered":"https:\/\/mhr.com.pt\/product\/nara-3\/"},"modified":"2022-11-16T12:01:26","modified_gmt":"2022-11-16T12:01:26","slug":"nara-3","status":"publish","type":"product","link":"https:\/\/mhr.com.pt\/pt-pt\/product\/nara-3\/","title":{"rendered":"Nara."},"content":{"rendered":"<p>A c\u00f3moda Nara combina praticidade com uma eleg\u00e2ncia refinada. Os cortes diagonais e o estofado texturizado refletem os mesmos princ\u00edpios de design da cama, enquanto as gavetas espa\u00e7osas oferecem um amplo armazenamento.<\/p>\n<p>As linhas horizontais da c\u00f3moda criam um aspeto elegante e moderno, complementando as outras pe\u00e7as da cole\u00e7\u00e3o.<\/p>\n","protected":false},"excerpt":{"rendered":"<p>C\u00d3MODA<\/p>\n","protected":false},"featured_media":250959,"template":"","meta":{"_et_pb_use_builder":"","_et_pb_old_content":"","_et_gb_content_width":""},"product_brand":[],"product_cat":[511,524],"product_tag":[],"class_list":{"0":"post-251533","1":"product","2":"type-product","3":"status-publish","4":"has-post-thumbnail","6":"product_cat-acessorios-de-quarto","7":"product_cat-nara-acessorios","9":"first","10":"instock","11":"shipping-taxable","12":"product-type-simple"},"_links":{"self":[{"href":"https:\/\/mhr.com.pt\/pt-pt\/wp-json\/wp\/v2\/product\/251533","targetHints":{"allow":["GET"]}}],"collection":[{"href":"https:\/\/mhr.com.pt\/pt-pt\/wp-json\/wp\/v2\/product"}],"about":[{"href":"https:\/\/mhr.com.pt\/pt-pt\/wp-json\/wp\/v2\/types\/product"}],"wp:featuredmedia":[{"embeddable":true,"href":"https:\/\/mhr.com.pt\/pt-pt\/wp-json\/wp\/v2\/media\/250959"}],"wp:attachment":[{"href":"https:\/\/mhr.com.pt\/pt-pt\/wp-json\/wp\/v2\/media?parent=251533"}],"wp:term":[{"taxonomy":"product_brand","embeddable":true,"href":"https:\/\/mhr.com.pt\/pt-pt\/wp-json\/wp\/v2\/product_brand?post=251533"},{"taxonomy":"product_cat","embeddable":true,"href":"https:\/\/mhr.com.pt\/pt-pt\/wp-json\/wp\/v2\/product_cat?post=251533"},{"taxonomy":"product_tag","embeddable":true,"href":"https:\/\/mhr.com.pt\/pt-pt\/wp-json\/wp\/v2\/product_tag?post=251533"}],"curies":[{"name":"wp","href":"https:\/\/api.w.org\/{rel}","templated":true}]}}