{"id":251538,"date":"2022-11-16T12:03:31","date_gmt":"2022-11-16T12:03:31","guid":{"rendered":"https:\/\/mhr.com.pt\/product\/nara-6\/"},"modified":"2022-11-16T12:03:31","modified_gmt":"2022-11-16T12:03:31","slug":"nara-6","status":"publish","type":"product","link":"https:\/\/mhr.com.pt\/pt-pt\/product\/nara-6\/","title":{"rendered":"Nara."},"content":{"rendered":"<p>A banqueta Nara \u00e9 uma adi\u00e7\u00e3o elegante \u00e0 cole\u00e7\u00e3o, com os mesmos detalhes diagonais e estofado texturizado das outras pe\u00e7as.<\/p>\n<p>As suas linhas limpas e design compacto oferecem versatilidade, mantendo a est\u00e9tica luxuosa e moderna do quarto Nara. A banqueta oferece uma op\u00e7\u00e3o de assento funcional e elegante.<\/p>\n","protected":false},"excerpt":{"rendered":"<p>BANQUETA<\/p>\n","protected":false},"featured_media":250962,"template":"","meta":{"_et_pb_use_builder":"","_et_pb_old_content":"","_et_gb_content_width":""},"product_brand":[],"product_cat":[511,524],"product_tag":[],"class_list":{"0":"post-251538","1":"product","2":"type-product","3":"status-publish","4":"has-post-thumbnail","6":"product_cat-acessorios-de-quarto","7":"product_cat-nara-acessorios","9":"first","10":"instock","11":"shipping-taxable","12":"product-type-simple"},"_links":{"self":[{"href":"https:\/\/mhr.com.pt\/pt-pt\/wp-json\/wp\/v2\/product\/251538","targetHints":{"allow":["GET"]}}],"collection":[{"href":"https:\/\/mhr.com.pt\/pt-pt\/wp-json\/wp\/v2\/product"}],"about":[{"href":"https:\/\/mhr.com.pt\/pt-pt\/wp-json\/wp\/v2\/types\/product"}],"wp:featuredmedia":[{"embeddable":true,"href":"https:\/\/mhr.com.pt\/pt-pt\/wp-json\/wp\/v2\/media\/250962"}],"wp:attachment":[{"href":"https:\/\/mhr.com.pt\/pt-pt\/wp-json\/wp\/v2\/media?parent=251538"}],"wp:term":[{"taxonomy":"product_brand","embeddable":true,"href":"https:\/\/mhr.com.pt\/pt-pt\/wp-json\/wp\/v2\/product_brand?post=251538"},{"taxonomy":"product_cat","embeddable":true,"href":"https:\/\/mhr.com.pt\/pt-pt\/wp-json\/wp\/v2\/product_cat?post=251538"},{"taxonomy":"product_tag","embeddable":true,"href":"https:\/\/mhr.com.pt\/pt-pt\/wp-json\/wp\/v2\/product_tag?post=251538"}],"curies":[{"name":"wp","href":"https:\/\/api.w.org\/{rel}","templated":true}]}}