{"id":251542,"date":"2021-03-01T10:13:52","date_gmt":"2021-03-01T10:13:52","guid":{"rendered":"https:\/\/mhr.com.pt\/product\/tommy-2\/"},"modified":"2021-03-01T10:13:52","modified_gmt":"2021-03-01T10:13:52","slug":"tommy-2","status":"publish","type":"product","link":"https:\/\/mhr.com.pt\/pt-pt\/product\/tommy-2\/","title":{"rendered":"Tommy."},"content":{"rendered":"<p>O Espelho Tommy \u00e9 o complemento perfeito para a mesa de cabeceira, com um design minimalista e uma moldura simples e elegante.<\/p>\n<p>As suas linhas limpas e discretas conferem-lhe uma est\u00e9tica refinada que se encaixa de forma flu\u00edda em qualquer ambiente. O design vers\u00e1til do espelho adapta-se facilmente a espa\u00e7os modernos ou cl\u00e1ssicos, acrescentando sofistica\u00e7\u00e3o sem sobrecarregar o ambiente. Com a sua eleg\u00e2ncia subtil, o espelho Tommy \u00e9 uma adi\u00e7\u00e3o atemporal a qualquer decora\u00e7\u00e3o.<\/p>\n","protected":false},"excerpt":{"rendered":"<p>ESPELHO<\/p>\n","protected":false},"featured_media":251543,"template":"","meta":{"_et_pb_use_builder":"","_et_pb_old_content":"","_et_gb_content_width":""},"product_brand":[],"product_cat":[511,517,525],"product_tag":[],"class_list":{"0":"post-251542","1":"product","2":"type-product","3":"status-publish","4":"has-post-thumbnail","6":"product_cat-acessorios-de-quarto","7":"product_cat-keiko-acessorios","8":"product_cat-tommy-acessorios","10":"first","11":"instock","12":"virtual","13":"product-type-simple"},"_links":{"self":[{"href":"https:\/\/mhr.com.pt\/pt-pt\/wp-json\/wp\/v2\/product\/251542","targetHints":{"allow":["GET"]}}],"collection":[{"href":"https:\/\/mhr.com.pt\/pt-pt\/wp-json\/wp\/v2\/product"}],"about":[{"href":"https:\/\/mhr.com.pt\/pt-pt\/wp-json\/wp\/v2\/types\/product"}],"wp:featuredmedia":[{"embeddable":true,"href":"https:\/\/mhr.com.pt\/pt-pt\/wp-json\/wp\/v2\/media\/251543"}],"wp:attachment":[{"href":"https:\/\/mhr.com.pt\/pt-pt\/wp-json\/wp\/v2\/media?parent=251542"}],"wp:term":[{"taxonomy":"product_brand","embeddable":true,"href":"https:\/\/mhr.com.pt\/pt-pt\/wp-json\/wp\/v2\/product_brand?post=251542"},{"taxonomy":"product_cat","embeddable":true,"href":"https:\/\/mhr.com.pt\/pt-pt\/wp-json\/wp\/v2\/product_cat?post=251542"},{"taxonomy":"product_tag","embeddable":true,"href":"https:\/\/mhr.com.pt\/pt-pt\/wp-json\/wp\/v2\/product_tag?post=251542"}],"curies":[{"name":"wp","href":"https:\/\/api.w.org\/{rel}","templated":true}]}}