{"id":251548,"date":"2025-03-31T14:55:39","date_gmt":"2025-03-31T13:55:39","guid":{"rendered":"https:\/\/mhr.com.pt\/product\/fynn\/"},"modified":"2025-03-31T14:55:39","modified_gmt":"2025-03-31T13:55:39","slug":"fynn","status":"publish","type":"product","link":"https:\/\/mhr.com.pt\/pt-pt\/product\/fynn\/","title":{"rendered":"Fynn."},"content":{"rendered":"<p>Fynn \u00e9 uma pe\u00e7a distinta que se revela atrav\u00e9s de uma moldura assim\u00e9trica, marcada por prolongamentos inesperados do espelho que conferem irrever\u00eancia e personalidade ao seu design.<\/p>\n<p>A moldura \u00e9 inteiramente revestida em estofo, composta por diferentes camadas que acrescentam dinamismo e profundidade visual \u00e0 pe\u00e7a. Cada camada pode ser personalizada com acabamentos distintos, permitindo criar composi\u00e7\u00f5es \u00fanicas e sofisticadas. De dimens\u00f5es generosas, Fynn equilibra impon\u00eancia com eleg\u00e2ncia, tornando-se um ponto focal em qualquer ambiente.<\/p>\n<p>Resultado de um erro durante o processo de desenvolvimento, esta pe\u00e7a nasceu do inesperado \u2014 e \u00e9 precisamente essa origem acidental que a torna ainda mais especial: uma celebra\u00e7\u00e3o da beleza encontrada na imperfei\u00e7\u00e3o.<\/p>\n","protected":false},"excerpt":{"rendered":"<p>ESPELHO<\/p>\n","protected":false},"featured_media":251549,"template":"","meta":{"_et_pb_use_builder":"","_et_pb_old_content":"","_et_gb_content_width":""},"product_brand":[],"product_cat":[511,526],"product_tag":[],"class_list":{"0":"post-251548","1":"product","2":"type-product","3":"status-publish","4":"has-post-thumbnail","6":"product_cat-acessorios-de-quarto","7":"product_cat-fynn-acessorios","9":"first","10":"instock","11":"shipping-taxable","12":"product-type-simple"},"_links":{"self":[{"href":"https:\/\/mhr.com.pt\/pt-pt\/wp-json\/wp\/v2\/product\/251548","targetHints":{"allow":["GET"]}}],"collection":[{"href":"https:\/\/mhr.com.pt\/pt-pt\/wp-json\/wp\/v2\/product"}],"about":[{"href":"https:\/\/mhr.com.pt\/pt-pt\/wp-json\/wp\/v2\/types\/product"}],"wp:featuredmedia":[{"embeddable":true,"href":"https:\/\/mhr.com.pt\/pt-pt\/wp-json\/wp\/v2\/media\/251549"}],"wp:attachment":[{"href":"https:\/\/mhr.com.pt\/pt-pt\/wp-json\/wp\/v2\/media?parent=251548"}],"wp:term":[{"taxonomy":"product_brand","embeddable":true,"href":"https:\/\/mhr.com.pt\/pt-pt\/wp-json\/wp\/v2\/product_brand?post=251548"},{"taxonomy":"product_cat","embeddable":true,"href":"https:\/\/mhr.com.pt\/pt-pt\/wp-json\/wp\/v2\/product_cat?post=251548"},{"taxonomy":"product_tag","embeddable":true,"href":"https:\/\/mhr.com.pt\/pt-pt\/wp-json\/wp\/v2\/product_tag?post=251548"}],"curies":[{"name":"wp","href":"https:\/\/api.w.org\/{rel}","templated":true}]}}