{"id":251568,"date":"2022-11-11T10:45:27","date_gmt":"2022-11-11T10:45:27","guid":{"rendered":"https:\/\/mhr.com.pt\/product\/liliann\/"},"modified":"2022-11-11T10:45:27","modified_gmt":"2022-11-11T10:45:27","slug":"liliann","status":"publish","type":"product","link":"https:\/\/mhr.com.pt\/pt-pt\/product\/liliann\/","title":{"rendered":"Liliann."},"content":{"rendered":"<p>A Banqueta Liliann encontra o equil\u00edbrio perfeito entre todos os materiais, oferecendo uma fun\u00e7\u00e3o \u00fanica para cada um deles.<\/p>\n<p>Esta banqueta \u00e9 ideal para um lugar estrat\u00e9gico onde a sua sec\u00e7\u00e3o de madeira pode ser utilizada como uma mesa embutida no estofo, enquanto a zona acolchoada proporciona uma op\u00e7\u00e3o de assento confort\u00e1vel.<\/p>\n<p>A fus\u00e3o dos diferentes elementos na Liliann torna-a uma pe\u00e7a vers\u00e1til que se adapta perfeitamente a v\u00e1rios ambientes, conjugando funcionalidade com estilo.<\/p>\n","protected":false},"excerpt":{"rendered":"<p>BANQUETA<\/p>\n","protected":false},"featured_media":251569,"template":"","meta":{"_et_pb_use_builder":"","_et_pb_old_content":"","_et_gb_content_width":""},"product_brand":[],"product_cat":[522,519],"product_tag":[],"class_list":{"0":"post-251568","1":"product","2":"type-product","3":"status-publish","4":"has-post-thumbnail","6":"product_cat-olivia-acessorios","7":"product_cat-puffs-banquetas","9":"first","10":"instock","11":"shipping-taxable","12":"product-type-simple"},"_links":{"self":[{"href":"https:\/\/mhr.com.pt\/pt-pt\/wp-json\/wp\/v2\/product\/251568","targetHints":{"allow":["GET"]}}],"collection":[{"href":"https:\/\/mhr.com.pt\/pt-pt\/wp-json\/wp\/v2\/product"}],"about":[{"href":"https:\/\/mhr.com.pt\/pt-pt\/wp-json\/wp\/v2\/types\/product"}],"wp:featuredmedia":[{"embeddable":true,"href":"https:\/\/mhr.com.pt\/pt-pt\/wp-json\/wp\/v2\/media\/251569"}],"wp:attachment":[{"href":"https:\/\/mhr.com.pt\/pt-pt\/wp-json\/wp\/v2\/media?parent=251568"}],"wp:term":[{"taxonomy":"product_brand","embeddable":true,"href":"https:\/\/mhr.com.pt\/pt-pt\/wp-json\/wp\/v2\/product_brand?post=251568"},{"taxonomy":"product_cat","embeddable":true,"href":"https:\/\/mhr.com.pt\/pt-pt\/wp-json\/wp\/v2\/product_cat?post=251568"},{"taxonomy":"product_tag","embeddable":true,"href":"https:\/\/mhr.com.pt\/pt-pt\/wp-json\/wp\/v2\/product_tag?post=251568"}],"curies":[{"name":"wp","href":"https:\/\/api.w.org\/{rel}","templated":true}]}}