{"id":251578,"date":"2022-11-14T09:59:52","date_gmt":"2022-11-14T09:59:52","guid":{"rendered":"https:\/\/mhr.com.pt\/product\/joleen\/"},"modified":"2022-11-14T09:59:52","modified_gmt":"2022-11-14T09:59:52","slug":"joleen","status":"publish","type":"product","link":"https:\/\/mhr.com.pt\/pt-pt\/product\/joleen\/","title":{"rendered":"Joleen."},"content":{"rendered":"<p>A floreira de ch\u00e3o Joleen personifica a sofistica\u00e7\u00e3o atrav\u00e9s das suas linhas simples e cont\u00ednuas.<\/p>\n<p>Este design minimalista eleva qualquer espa\u00e7o de forma descomplicada, tornando-se uma adi\u00e7\u00e3o refinada tanto para interiores modernos como cl\u00e1ssicos.<\/p>\n<p>A sua eleg\u00e2ncia discreta \u00e9 perfeita para destacar as suas plantas favoritas, transformando-as no ponto focal da divis\u00e3o.<\/p>\n","protected":false},"excerpt":{"rendered":"<p>FLOREIRA<\/p>\n","protected":false},"featured_media":251580,"template":"","meta":{"_et_pb_use_builder":"","_et_pb_old_content":"","_et_gb_content_width":""},"product_brand":[],"product_cat":[530],"product_tag":[],"class_list":{"0":"post-251578","1":"product","2":"type-product","3":"status-publish","4":"has-post-thumbnail","6":"product_cat-estantes-consolas-floreiras","8":"first","9":"instock","10":"shipping-taxable","11":"product-type-simple"},"_links":{"self":[{"href":"https:\/\/mhr.com.pt\/pt-pt\/wp-json\/wp\/v2\/product\/251578","targetHints":{"allow":["GET"]}}],"collection":[{"href":"https:\/\/mhr.com.pt\/pt-pt\/wp-json\/wp\/v2\/product"}],"about":[{"href":"https:\/\/mhr.com.pt\/pt-pt\/wp-json\/wp\/v2\/types\/product"}],"wp:featuredmedia":[{"embeddable":true,"href":"https:\/\/mhr.com.pt\/pt-pt\/wp-json\/wp\/v2\/media\/251580"}],"wp:attachment":[{"href":"https:\/\/mhr.com.pt\/pt-pt\/wp-json\/wp\/v2\/media?parent=251578"}],"wp:term":[{"taxonomy":"product_brand","embeddable":true,"href":"https:\/\/mhr.com.pt\/pt-pt\/wp-json\/wp\/v2\/product_brand?post=251578"},{"taxonomy":"product_cat","embeddable":true,"href":"https:\/\/mhr.com.pt\/pt-pt\/wp-json\/wp\/v2\/product_cat?post=251578"},{"taxonomy":"product_tag","embeddable":true,"href":"https:\/\/mhr.com.pt\/pt-pt\/wp-json\/wp\/v2\/product_tag?post=251578"}],"curies":[{"name":"wp","href":"https:\/\/api.w.org\/{rel}","templated":true}]}}