{"id":251582,"date":"2022-11-14T09:57:50","date_gmt":"2022-11-14T09:57:50","guid":{"rendered":"https:\/\/mhr.com.pt\/product\/miranda\/"},"modified":"2022-11-14T09:57:50","modified_gmt":"2022-11-14T09:57:50","slug":"miranda","status":"publish","type":"product","link":"https:\/\/mhr.com.pt\/pt-pt\/product\/miranda\/","title":{"rendered":"Miranda."},"content":{"rendered":"<p>Semelhante \u00e0 Joleen, a floreira de p\u00e9 Miranda apresenta um design de linhas simples e cont\u00ednuas que exalam sofistica\u00e7\u00e3o.<\/p>\n<p>Esta floreira valoriza qualquer espa\u00e7o com o seu perfil elegante e sofisticado, proporcionando uma forma estilosa de exibir as suas plantas e acrescentar um toque de classe \u00e0 decora\u00e7\u00e3o da sua casa.<\/p>\n","protected":false},"excerpt":{"rendered":"<p>FLOREIRA<\/p>\n","protected":false},"featured_media":251583,"template":"","meta":{"_et_pb_use_builder":"","_et_pb_old_content":"","_et_gb_content_width":""},"product_brand":[],"product_cat":[530],"product_tag":[],"class_list":{"0":"post-251582","1":"product","2":"type-product","3":"status-publish","4":"has-post-thumbnail","6":"product_cat-estantes-consolas-floreiras","8":"first","9":"instock","10":"shipping-taxable","11":"product-type-simple"},"_links":{"self":[{"href":"https:\/\/mhr.com.pt\/pt-pt\/wp-json\/wp\/v2\/product\/251582","targetHints":{"allow":["GET"]}}],"collection":[{"href":"https:\/\/mhr.com.pt\/pt-pt\/wp-json\/wp\/v2\/product"}],"about":[{"href":"https:\/\/mhr.com.pt\/pt-pt\/wp-json\/wp\/v2\/types\/product"}],"wp:featuredmedia":[{"embeddable":true,"href":"https:\/\/mhr.com.pt\/pt-pt\/wp-json\/wp\/v2\/media\/251583"}],"wp:attachment":[{"href":"https:\/\/mhr.com.pt\/pt-pt\/wp-json\/wp\/v2\/media?parent=251582"}],"wp:term":[{"taxonomy":"product_brand","embeddable":true,"href":"https:\/\/mhr.com.pt\/pt-pt\/wp-json\/wp\/v2\/product_brand?post=251582"},{"taxonomy":"product_cat","embeddable":true,"href":"https:\/\/mhr.com.pt\/pt-pt\/wp-json\/wp\/v2\/product_cat?post=251582"},{"taxonomy":"product_tag","embeddable":true,"href":"https:\/\/mhr.com.pt\/pt-pt\/wp-json\/wp\/v2\/product_tag?post=251582"}],"curies":[{"name":"wp","href":"https:\/\/api.w.org\/{rel}","templated":true}]}}