{"id":251585,"date":"2022-11-14T09:55:52","date_gmt":"2022-11-14T09:55:52","guid":{"rendered":"https:\/\/mhr.com.pt\/product\/louise\/"},"modified":"2022-11-14T09:55:52","modified_gmt":"2022-11-14T09:55:52","slug":"louise","status":"publish","type":"product","link":"https:\/\/mhr.com.pt\/pt-pt\/product\/louise\/","title":{"rendered":"Louise."},"content":{"rendered":"<p>A floreira de p\u00e9 Louise traz sofistica\u00e7\u00e3o atrav\u00e9s das suas linhas simples e formas interligadas.<\/p>\n<p>Este design \u00e9 simultaneamente moderno e elegante, capaz de elevar qualquer espa\u00e7o. A sua estrutura \u00fanica faz dela uma pe\u00e7a de destaque perfeita para exibir plantas, ao mesmo tempo que adiciona um toque sofisticado \u00e0 sua \u00e1rea de estar.<\/p>\n","protected":false},"excerpt":{"rendered":"<p>FLOREIRA<\/p>\n","protected":false},"featured_media":251586,"template":"","meta":{"_et_pb_use_builder":"","_et_pb_old_content":"","_et_gb_content_width":""},"product_brand":[],"product_cat":[530],"product_tag":[],"class_list":{"0":"post-251585","1":"product","2":"type-product","3":"status-publish","4":"has-post-thumbnail","6":"product_cat-estantes-consolas-floreiras","8":"first","9":"instock","10":"shipping-taxable","11":"product-type-simple"},"_links":{"self":[{"href":"https:\/\/mhr.com.pt\/pt-pt\/wp-json\/wp\/v2\/product\/251585","targetHints":{"allow":["GET"]}}],"collection":[{"href":"https:\/\/mhr.com.pt\/pt-pt\/wp-json\/wp\/v2\/product"}],"about":[{"href":"https:\/\/mhr.com.pt\/pt-pt\/wp-json\/wp\/v2\/types\/product"}],"wp:featuredmedia":[{"embeddable":true,"href":"https:\/\/mhr.com.pt\/pt-pt\/wp-json\/wp\/v2\/media\/251586"}],"wp:attachment":[{"href":"https:\/\/mhr.com.pt\/pt-pt\/wp-json\/wp\/v2\/media?parent=251585"}],"wp:term":[{"taxonomy":"product_brand","embeddable":true,"href":"https:\/\/mhr.com.pt\/pt-pt\/wp-json\/wp\/v2\/product_brand?post=251585"},{"taxonomy":"product_cat","embeddable":true,"href":"https:\/\/mhr.com.pt\/pt-pt\/wp-json\/wp\/v2\/product_cat?post=251585"},{"taxonomy":"product_tag","embeddable":true,"href":"https:\/\/mhr.com.pt\/pt-pt\/wp-json\/wp\/v2\/product_tag?post=251585"}],"curies":[{"name":"wp","href":"https:\/\/api.w.org\/{rel}","templated":true}]}}