{"id":251606,"date":"2022-11-02T15:48:09","date_gmt":"2022-11-02T15:48:09","guid":{"rendered":"https:\/\/mhr.com.pt\/product\/kubic\/"},"modified":"2022-11-02T15:48:09","modified_gmt":"2022-11-02T15:48:09","slug":"kubic","status":"publish","type":"product","link":"https:\/\/mhr.com.pt\/pt-pt\/product\/kubic\/","title":{"rendered":"Kubic."},"content":{"rendered":"<p>A estante Kubic nasce da organiza\u00e7\u00e3o do caos, apresentando linhas desorganizadas, diferentes alturas e tamanhos variados para criar uma unidade de prateleiras \u00fanica.<\/p>\n<p>As suas linhas simples trazem ordem ao caos, enquanto as formas de cubo repetidas elevam o design.<\/p>\n<p>As estruturas met\u00e1licas dentro dos cubos adicionam profundidade, tornando-a perfeita para organizar uma pequena livraria ou exibir decora\u00e7\u00f5es.<\/p>\n","protected":false},"excerpt":{"rendered":"<p>ESTANTE<\/p>\n","protected":false},"featured_media":251607,"template":"","meta":{"_et_pb_use_builder":"","_et_pb_old_content":"","_et_gb_content_width":""},"product_brand":[],"product_cat":[530],"product_tag":[],"class_list":{"0":"post-251606","1":"product","2":"type-product","3":"status-publish","4":"has-post-thumbnail","6":"product_cat-estantes-consolas-floreiras","8":"first","9":"instock","10":"virtual","11":"product-type-simple"},"_links":{"self":[{"href":"https:\/\/mhr.com.pt\/pt-pt\/wp-json\/wp\/v2\/product\/251606","targetHints":{"allow":["GET"]}}],"collection":[{"href":"https:\/\/mhr.com.pt\/pt-pt\/wp-json\/wp\/v2\/product"}],"about":[{"href":"https:\/\/mhr.com.pt\/pt-pt\/wp-json\/wp\/v2\/types\/product"}],"wp:featuredmedia":[{"embeddable":true,"href":"https:\/\/mhr.com.pt\/pt-pt\/wp-json\/wp\/v2\/media\/251607"}],"wp:attachment":[{"href":"https:\/\/mhr.com.pt\/pt-pt\/wp-json\/wp\/v2\/media?parent=251606"}],"wp:term":[{"taxonomy":"product_brand","embeddable":true,"href":"https:\/\/mhr.com.pt\/pt-pt\/wp-json\/wp\/v2\/product_brand?post=251606"},{"taxonomy":"product_cat","embeddable":true,"href":"https:\/\/mhr.com.pt\/pt-pt\/wp-json\/wp\/v2\/product_cat?post=251606"},{"taxonomy":"product_tag","embeddable":true,"href":"https:\/\/mhr.com.pt\/pt-pt\/wp-json\/wp\/v2\/product_tag?post=251606"}],"curies":[{"name":"wp","href":"https:\/\/api.w.org\/{rel}","templated":true}]}}