{"id":251609,"date":"2022-11-02T16:02:05","date_gmt":"2022-11-02T16:02:05","guid":{"rendered":"https:\/\/mhr.com.pt\/product\/soul\/"},"modified":"2022-11-02T16:02:05","modified_gmt":"2022-11-02T16:02:05","slug":"soul","status":"publish","type":"product","link":"https:\/\/mhr.com.pt\/pt-pt\/product\/soul\/","title":{"rendered":"Soul."},"content":{"rendered":"<p>A estante Soul, dispon\u00edvel em quatro vers\u00f5es, foi criada para ser o complemento perfeito e divisor de espa\u00e7o, criando uma separa\u00e7\u00e3o mas permitindo que o olhar atravesse simultaneamente.<\/p>\n<p>Esta estante alta e imponente apresenta espa\u00e7os e alturas diferentes, ideal para exibir a sua decora\u00e7\u00e3o favorita.<\/p>\n<p>O cubo de vidro serve como uma montra, destacando o que ali for colocado, e a estante funciona igualmente bem de ambos os lados.<\/p>\n","protected":false},"excerpt":{"rendered":"<p>ESTANTES<\/p>\n","protected":false},"featured_media":251610,"template":"","meta":{"_et_pb_use_builder":"","_et_pb_old_content":"","_et_gb_content_width":""},"product_brand":[],"product_cat":[530],"product_tag":[],"class_list":{"0":"post-251609","1":"product","2":"type-product","3":"status-publish","4":"has-post-thumbnail","6":"product_cat-estantes-consolas-floreiras","8":"first","9":"instock","10":"virtual","11":"product-type-simple"},"_links":{"self":[{"href":"https:\/\/mhr.com.pt\/pt-pt\/wp-json\/wp\/v2\/product\/251609","targetHints":{"allow":["GET"]}}],"collection":[{"href":"https:\/\/mhr.com.pt\/pt-pt\/wp-json\/wp\/v2\/product"}],"about":[{"href":"https:\/\/mhr.com.pt\/pt-pt\/wp-json\/wp\/v2\/types\/product"}],"wp:featuredmedia":[{"embeddable":true,"href":"https:\/\/mhr.com.pt\/pt-pt\/wp-json\/wp\/v2\/media\/251610"}],"wp:attachment":[{"href":"https:\/\/mhr.com.pt\/pt-pt\/wp-json\/wp\/v2\/media?parent=251609"}],"wp:term":[{"taxonomy":"product_brand","embeddable":true,"href":"https:\/\/mhr.com.pt\/pt-pt\/wp-json\/wp\/v2\/product_brand?post=251609"},{"taxonomy":"product_cat","embeddable":true,"href":"https:\/\/mhr.com.pt\/pt-pt\/wp-json\/wp\/v2\/product_cat?post=251609"},{"taxonomy":"product_tag","embeddable":true,"href":"https:\/\/mhr.com.pt\/pt-pt\/wp-json\/wp\/v2\/product_tag?post=251609"}],"curies":[{"name":"wp","href":"https:\/\/api.w.org\/{rel}","templated":true}]}}