{"id":251617,"date":"2022-11-10T16:57:36","date_gmt":"2022-11-10T16:57:36","guid":{"rendered":"https:\/\/mhr.com.pt\/product\/flow\/"},"modified":"2022-11-10T16:57:36","modified_gmt":"2022-11-10T16:57:36","slug":"flow","status":"publish","type":"product","link":"https:\/\/mhr.com.pt\/pt-pt\/product\/flow\/","title":{"rendered":"Flow."},"content":{"rendered":"<p>A consola Flow, dispon\u00edvel em vers\u00f5es alta e baixa, apresenta um tampo de destaque que mistura metal e madeira para uma liga\u00e7\u00e3o harmoniosa.<\/p>\n<p>Caracterizada pelas suas linhas finas, esta consola combina um tampo s\u00f3lido e predominante com uma estrutura elegante, incorporando o fluxo natural das linhas no seu design.<\/p>\n","protected":false},"excerpt":{"rendered":"<p>CONSOLAS<\/p>\n","protected":false},"featured_media":251619,"template":"","meta":{"_et_pb_use_builder":"","_et_pb_old_content":"","_et_gb_content_width":""},"product_brand":[],"product_cat":[530],"product_tag":[],"class_list":{"0":"post-251617","1":"product","2":"type-product","3":"status-publish","4":"has-post-thumbnail","6":"product_cat-estantes-consolas-floreiras","8":"first","9":"instock","10":"shipping-taxable","11":"product-type-simple"},"_links":{"self":[{"href":"https:\/\/mhr.com.pt\/pt-pt\/wp-json\/wp\/v2\/product\/251617","targetHints":{"allow":["GET"]}}],"collection":[{"href":"https:\/\/mhr.com.pt\/pt-pt\/wp-json\/wp\/v2\/product"}],"about":[{"href":"https:\/\/mhr.com.pt\/pt-pt\/wp-json\/wp\/v2\/types\/product"}],"wp:featuredmedia":[{"embeddable":true,"href":"https:\/\/mhr.com.pt\/pt-pt\/wp-json\/wp\/v2\/media\/251619"}],"wp:attachment":[{"href":"https:\/\/mhr.com.pt\/pt-pt\/wp-json\/wp\/v2\/media?parent=251617"}],"wp:term":[{"taxonomy":"product_brand","embeddable":true,"href":"https:\/\/mhr.com.pt\/pt-pt\/wp-json\/wp\/v2\/product_brand?post=251617"},{"taxonomy":"product_cat","embeddable":true,"href":"https:\/\/mhr.com.pt\/pt-pt\/wp-json\/wp\/v2\/product_cat?post=251617"},{"taxonomy":"product_tag","embeddable":true,"href":"https:\/\/mhr.com.pt\/pt-pt\/wp-json\/wp\/v2\/product_tag?post=251617"}],"curies":[{"name":"wp","href":"https:\/\/api.w.org\/{rel}","templated":true}]}}